{"id":4536,"date":"2021-01-05T18:24:56","date_gmt":"2021-01-05T18:24:56","guid":{"rendered":"http:\/\/wako.si\/test\/?page_id=4536"},"modified":"2022-03-03T11:32:07","modified_gmt":"2022-03-03T11:32:07","slug":"klubi-po-sloveniji","status":"publish","type":"page","link":"https:\/\/wako.si\/test\/klubi-po-sloveniji\/","title":{"rendered":"KLUBI PO SLOVENIJI"},"content":{"rendered":"<table cellspacing=\"0\" summary=\"KLUBI PO SLOVENIJI\">\n<tr>\n<th>KLUB<\/th>\n<th>NASLOV<\/th>\n<th>KRAJ<\/th>\n<th>ODGOVORNA OSEBA<\/th>\n<th>KONTAKT<\/th>\n<th>O KLUBU<\/th>\n<\/tr>\n<tr>\n<td>KBV PON DO KWAN ZAGORJE<\/td>\n<td>Podvine 22<\/td>\n<td>1410 ZAGORJE OB SAVI<\/td>\n<td>Alen VOZELJ<\/td>\n<td>00386 41 442 552<\/td>\n<td><\/td>\n<\/tr>\n<tr>\n<td>KBV KICKBOXING IN TAE KWON-DO IZOLA<\/td>\n<td>Kajuhova ulica 28<\/td>\n<td>6310 IZOLA<\/td>\n<td>Darko FILIPUT<\/td>\n<td>00386 41 540 601<\/td>\n<td><\/td>\n<\/tr>\n<tr>\n<td>\u0160D BUDOKAI NOVA GORICA<\/td>\n<td>Prvomajska 28<\/td>\n<td>5000 NOVA GORICA<\/td>\n<td>Du\u0161an LI\u010cAR<\/td>\n<td>00386 41 645 644<\/td>\n<td><\/td>\n<\/tr>\n<tr>\n<td>KBV PTUJ<\/td>\n<td>Zelenikova 1<\/td>\n<td>2250 PTUJ<\/td>\n<td>Vladimir SITAR<\/td>\n<td>00386 31 330 220<\/td>\n<td><\/td>\n<\/tr>\n<tr>\n<td>KBV ORMO\u017d<\/td>\n<td>Skolibrova 17<\/td>\n<td>2270 ORMO\u017d<\/td>\n<td>Danilo KOROTAJ<\/td>\n<td>00386 41 691 850<\/td>\n<td><\/td>\n<\/tr>\n<tr>\n<td>\u017d\u0160D MARIBOR<\/td>\n<td>Engelsova ulica 6<\/td>\n<td>2000 MARIBOR<\/td>\n<td>Milan GRAH<\/td>\n<td>00386 41 755 921<\/td>\n<td><\/td>\n<\/tr>\n<tr>\n<td>KK MIRAGE CPS NOVO MESTO<\/td>\n<td>Rozmanova 38<\/td>\n<td>8000 NOVO MESTO<\/td>\n<td>\u0160emso \u0160EHI\u010c<\/td>\n<td>00386 41 671 331<\/td>\n<td><\/td>\n<\/tr>\n<tr>\n<td>KK PDK IZLAKE<\/td>\n<td>Izlake 19<\/td>\n<td>1411 IZLAKE<\/td>\n<td>Ma\u0161a ZAJC<\/td>\n<td>00386 40 188 098<\/td>\n<td><\/td>\n<\/tr>\n<tr>\n<td>POWER KICK MURSKA SOBOTA<\/td>\n<td>Pavlovci 15c<\/td>\n<td>2270 ORMO\u017d<\/td>\n<td>Milan KOROTAJ<\/td>\n<td>00386 41 723 968<\/td>\n<td><\/td>\n<\/tr>\n<tr>\n<td>KBV BARADA SPORT HWARANG MARIBOR<\/td>\n<td>Perhav\u010deva ulica 20<\/td>\n<td>2000 MARIBOR<\/td>\n<td>Toma\u017e BARADA<\/td>\n<td>00386 41 679 105<\/td>\n<td><\/td>\n<\/tr>\n<tr>\n<td>KK MAJ\u0160PERK<\/td>\n<td>Ptujska gora 1<\/td>\n<td>2323 PTUJSKA GORA<\/td>\n<td>Branko FIDLER<\/td>\n<td>00386 70 869 675<\/td>\n<td><\/td>\n<\/tr>\n<tr>\n<td>\u0160K HYONG, CELJE<\/td>\n<td>Brodarjeva ulica 15<\/td>\n<td>3000 CELJE<\/td>\n<td>Uro\u0161 BERNARD<\/td>\n<td>00386 41 311 811<\/td>\n<td><\/td>\n<\/tr>\n<tr>\n<td>KBV DOM\u017dALE<\/td>\n<td>\u010ce\u0161enik 14<\/td>\n<td>1233 DOB<\/td>\n<td>Marjan BOLHAR<\/td>\n<td>00386 31 220 489<\/td>\n<td><\/td>\n<\/tr>\n<tr>\n<td>\u0160D \u010cRNI PANTER KRANJ<\/td>\n<td>Staretova ulica 58<\/td>\n<td>4000 KRANJ<\/td>\n<td>Bla\u017e POTO\u010cNIK<\/td>\n<td>00386 70 789 855<\/td>\n<td><\/td>\n<\/tr>\n<tr>\n<td>TBK BRE\u017dICE<\/td>\n<td>Ulica Stanka \u0160kalerja 23\/C<\/td>\n<td>8250 BRE\u017dICE<\/td>\n<td>Ro\u017ele JAZBIN\u0160EK<\/td>\n<td>00386 41 375 644<\/td>\n<td><\/td>\n<\/tr>\n<tr>\n<td>DBV SLAVKO \u0160LANDER CELJE<\/td>\n<td>De\u010dkova cesta 1<\/td>\n<td>3000 CELJE<\/td>\n<td>Hasan IBRI\u0106<\/td>\n<td>00386 41 320 130<\/td>\n<td><\/td>\n<\/tr>\n<tr>\n<td>KTB KR\u0160KO<\/td>\n<td>Cesta 4. julija 62<\/td>\n<td>8270 KR\u0160KO<\/td>\n<td>Iztok KE\u0160E<\/td>\n<td>00386 40 671 291<\/td>\n<td><\/td>\n<\/tr>\n<tr>\n<td>KBV SEVNICA<\/td>\n<td>Kozjanska ulica 11<\/td>\n<td>8290 SEVNICA<\/td>\n<td>Jurij ORA\u010c<\/td>\n<td>00386 40 986 262<\/td>\n<td><\/td>\n<\/tr>\n<tr>\n<td>KICKBOXING KLUB KOPER<\/td>\n<td>Kampel 22c<\/td>\n<td>6000 KOPER<\/td>\n<td>Vladimir BARI\u010cEVI\u010c<\/td>\n<td>00386 41 905 755<\/td>\n<td><\/td>\n<\/tr>\n<tr>\n<td>TKD KLUB SUN BRASLOV\u010cE<\/td>\n<td>Orla vas 14<\/td>\n<td>3314 BRASLOV\u010cE<\/td>\n<td>Simon JAN<\/td>\n<td>00386 41 365 007<\/td>\n<td><\/td>\n<\/tr>\n<tr>\n<td>KBV LJUBLJANA FCL<\/td>\n<td>Gori\u0161ka ulica 57<\/td>\n<td>1000 LJUBLJANA<\/td>\n<td>Sa\u0161o WEIXLER<\/td>\n<td>00386 41 962 485<\/td>\n<td><\/td>\n<\/tr>\n<tr>\n<td>TEAKWON DO KLUB GEPARD Ljubljana<\/td>\n<td>Ka\u0161eljska c. 121<\/td>\n<td>1000 LJUBLJANA<\/td>\n<td>Red\u017eo LJUTI\u0106<\/td>\n<td>00386 40 321 702<\/td>\n<td><\/td>\n<\/tr>\n<tr>\n<td>KBV SANDE TEAM &#8211; RU\u0160E<\/td>\n<td>Trg vstaje 3<\/td>\n<td>2342 RU\u0160E<\/td>\n<td>Andrej SANDE<\/td>\n<td>00386 31 520 652<\/td>\n<td><\/td>\n<\/tr>\n<tr>\n<td>KBK MURSKA SOBOTA<\/td>\n<td>Kopali\u0161ka ulica 41<\/td>\n<td>9001 MURSKA SOBOTA<\/td>\n<td>Matej HAJDUK<\/td>\n<td>00386 31 320 734<\/td>\n<td><\/td>\n<\/tr>\n<tr>\n<td>TKD &#038; KBK SKALA VELENJE<\/td>\n<td>Gori\u0161ka cesta 51<\/td>\n<td>3320 VELENJE<\/td>\n<td>Peter LANDEKER<\/td>\n<td>00386 41 244 020<\/td>\n<td><\/td>\n<\/tr>\n<tr>\n<td>KBV FEARLESS FIGHTERS DOBRNI\u010c<\/td>\n<td>Gorenje Kamenje pri Dobrni\u010du 11<\/td>\n<td>8211 DOBRNI\u010c<\/td>\n<td>Alen \u0160TRITOF<\/td>\n<td>00386 40 240 190<\/td>\n<td><\/td>\n<\/tr>\n<tr>\n<td>KBV SAMURAI PODKOREN<\/td>\n<td>Podkoren 32<\/td>\n<td>4280 PODKOREN<\/td>\n<td>Denis POR\u010cI\u010c<\/td>\n<td>00386 40 522 783<\/td>\n<td><\/td>\n<\/tr>\n<tr>\n<td>KLUB CENTER LJUBLJANA<\/td>\n<td>Bergantova ulica 4<\/td>\n<td>1000 LJUBLJANA<\/td>\n<td>Igor PACEK<\/td>\n<td>00386 51 240 284<\/td>\n<td><\/td>\n<\/tr>\n<tr>\n<td>KBV MMA BE\u017dICE<\/td>\n<td>Brezina 66<\/td>\n<td>8250 BRE\u017dICE<\/td>\n<td>Simon SRE\u010cKOVI\u0106<\/td>\n<td>00386 31 740 945<\/td>\n<td><\/td>\n<\/tr>\n<tr>\n<td>KBK POMURJE<\/td>\n<td>Mota 32<\/td>\n<td>9240 LJUTOMER<\/td>\n<td>David \u017dIBRAT<\/td>\n<td>00386 31 230 800<\/td>\n<td><\/td>\n<\/tr>\n<tr>\n<td>KBV MARGU\u010c (TEPANJE)<\/td>\n<td>Dra\u017ea vas 79<\/td>\n<td>3215 LO\u010cE<\/td>\n<td>\u017dan MARGU\u010c<\/td>\n<td>00386 31 787 815<\/td>\n<td><\/td>\n<\/tr>\n<tr>\n<td>FIGHT FACTORY SLOVENIA<\/td>\n<td>Cesta 25. junija 1F<\/td>\n<td>5000 NOVA GORICA<\/td>\n<td>Jan SOFTI\u0106<\/td>\n<td>00386 40 986 808<\/td>\n<td><\/td>\n<\/tr>\n<tr>\n<td>\u0160K FIGHT \u0160ENTJERNEJ<\/td>\n<td>Turopolje 15<\/td>\n<td>8310 \u0160ENTJERNEJ<\/td>\n<td>Sa\u0161a \u0160TEFAN\u010cI\u010c<\/td>\n<td>00386 40 993 910<\/td>\n<td><\/td>\n<\/tr>\n<tr>\n<td>RADGONSKI KICKBOXUNG KLUB<\/td>\n<td>Ivanj\u0161evci ob \u0160\u010davnici 9\/A<\/td>\n<td>9245 SPODNJI IVANCI<\/td>\n<td>Dejan VAJS<\/td>\n<td>00386 31 207 256<\/td>\n<td><\/td>\n<\/tr>\n<tr>\n<td>\u0160D RDE\u010cI OREL KRANJ<\/td>\n<td>Hrastje 94<\/td>\n<td>4000 KRANJ<\/td>\n<td>Neven POLAJNAR<\/td>\n<td>00386 41 366 615<\/td>\n<td><\/td>\n<\/tr>\n<tr>\n<td>\u0160D SONKAL Menge\u0161<\/td>\n<td>Kolodvorska 2\/A<\/td>\n<td>1234 MENGE\u0160<\/td>\n<td>Ivan BUDIMIR<\/td>\n<td>00386 30 200 005<\/td>\n<td><\/td>\n<\/tr>\n<tr>\n<td>MARBOR KICKBOXING KLUB<\/td>\n<td>Pregljeva 10<\/td>\n<td>2000 MARIBOR<\/td>\n<td>Timotej FRANGE\u017d<\/td>\n<td>00386 31 709 298<\/td>\n<td><\/td>\n<\/tr>\n<tr>\n<td>MMA KLUB MARIBOR<\/td>\n<td>\u010crtomirova ulica 9<\/td>\n<td>2000 MARIBOR<\/td>\n<td>Matej PLAVEC<\/td>\n<td>00386 31 766 131<\/td>\n<td><\/td>\n<\/tr>\n<tr>\n<td>KBV KONTAKT SELCA<\/td>\n<td>Dolenja vas 51<\/td>\n<td>4227 SELCA<\/td>\n<td>Gregor DEBELNJAK<\/td>\n<td>00386 40 359 495<\/td>\n<td><\/td>\n<\/tr>\n<tr>\n<td>KBV GYM DIRECT METLIKA<\/td>\n<td>Stara cesta 9<\/td>\n<td>8330 METLIKA<\/td>\n<td>Danijel ZOREC<\/td>\n<td>00386 40 558 552<\/td>\n<td><\/td>\n<\/tr>\n<tr>\n<td><\/td>\n<td><\/td>\n<td><\/td>\n<td><\/td>\n<td><\/td>\n<td><\/td>\n<\/tr>\n<\/table>\n<p><!-- \/.sc_table_wrap --><\/p>\n<style type=\"text\/css\">.trx_addons_inline_129277814{width:100%;}<\/style>\n<p>\t\t\t<a href=\"http:\/\/wako.si\/test\/\" role=\"button\"><br \/>\n\t\t\t\t\t\tNazaj<br \/>\n\t\t\t\t\t<\/a><br \/>\n\t\t\t\t\t\t\t\t\t\t\t<a href=\"http:\/\/www.fundacijazasport.org\/si\/\"><br \/>\n\t\t\t\t\t\t\t<img decoding=\"async\" width=\"300\" height=\"127\" src=\"http:\/\/wako.si\/test\/wp-content\/uploads\/2021\/01\/FZS-logo-300x127.png\" alt=\"\" loading=\"lazy\" srcset=\"http:\/\/wako.si\/test\/wp-content\/uploads\/2021\/01\/FZS-logo-300x127.png 300w, http:\/\/wako.si\/test\/wp-content\/uploads\/2021\/01\/FZS-logo-585x250.png 585w, http:\/\/wako.si\/test\/wp-content\/uploads\/2021\/01\/FZS-logo-370x157.png 370w, http:\/\/wako.si\/test\/wp-content\/uploads\/2021\/01\/FZS-logo.png 591w\" sizes=\"(max-width: 300px) 100vw, 300px\" \/>\t\t\t\t\t\t\t\t<\/a><br \/>\n\t\t\t\t\t\t\t\t\t\t\t<a href=\"https:\/\/www.gov.si\/drzavni-organi\/ministrstva\/ministrstvo-za-izobrazevanje-znanost-in-sport\/\"><br \/>\n\t\t\t\t\t\t\t<img decoding=\"async\" width=\"768\" height=\"257\" src=\"http:\/\/wako.si\/test\/wp-content\/uploads\/2021\/01\/MIZS-logo-768x257.png\" alt=\"\" loading=\"lazy\" srcset=\"http:\/\/wako.si\/test\/wp-content\/uploads\/2021\/01\/MIZS-logo-768x257.png 768w, http:\/\/wako.si\/test\/wp-content\/uploads\/2021\/01\/MIZS-logo-300x100.png 300w, http:\/\/wako.si\/test\/wp-content\/uploads\/2021\/01\/MIZS-logo-370x124.png 370w, http:\/\/wako.si\/test\/wp-content\/uploads\/2021\/01\/MIZS-logo-765x255.png 765w, http:\/\/wako.si\/test\/wp-content\/uploads\/2021\/01\/MIZS-logo.png 1024w\" sizes=\"(max-width: 768px) 100vw, 768px\" \/>\t\t\t\t\t\t\t\t<\/a><\/p>\n","protected":false},"excerpt":{"rendered":"<p>KLUB NASLOV KRAJ ODGOVORNA OSEBA KONTAKT O KLUBU KBV PON DO KWAN ZAGORJE Podvine 22 1410 ZAGORJE OB SAVI Alen VOZELJ 00386 41 442 552 KBV KICKBOXING IN TAE KWON-DO IZOLA Kajuhova ulica 28 6310 IZOLA Darko FILIPUT 00386 41 540 601 \u0160D BUDOKAI NOVA&hellip;<\/p>\n","protected":false},"author":1,"featured_media":0,"parent":0,"menu_order":0,"comment_status":"closed","ping_status":"closed","template":"elementor_canvas","meta":[],"_links":{"self":[{"href":"https:\/\/wako.si\/test\/wp-json\/wp\/v2\/pages\/4536"}],"collection":[{"href":"https:\/\/wako.si\/test\/wp-json\/wp\/v2\/pages"}],"about":[{"href":"https:\/\/wako.si\/test\/wp-json\/wp\/v2\/types\/page"}],"author":[{"embeddable":true,"href":"https:\/\/wako.si\/test\/wp-json\/wp\/v2\/users\/1"}],"replies":[{"embeddable":true,"href":"https:\/\/wako.si\/test\/wp-json\/wp\/v2\/comments?post=4536"}],"version-history":[{"count":112,"href":"https:\/\/wako.si\/test\/wp-json\/wp\/v2\/pages\/4536\/revisions"}],"predecessor-version":[{"id":6656,"href":"https:\/\/wako.si\/test\/wp-json\/wp\/v2\/pages\/4536\/revisions\/6656"}],"wp:attachment":[{"href":"https:\/\/wako.si\/test\/wp-json\/wp\/v2\/media?parent=4536"}],"curies":[{"name":"wp","href":"https:\/\/api.w.org\/{rel}","templated":true}]}}