{"id":458,"date":"2018-05-23T10:23:00","date_gmt":"2018-05-23T10:23:00","guid":{"rendered":"http:\/\/wako.si\/test\/?page_id=458"},"modified":"2022-04-11T14:47:25","modified_gmt":"2022-04-11T14:47:25","slug":"predsedstvo-kbzs","status":"publish","type":"page","link":"https:\/\/wako.si\/test\/predsedstvo-kbzs\/","title":{"rendered":"Predsedstvo KBZS"},"content":{"rendered":"<h3>Predsednik kbzs<\/h3>\n<p><!-- \/.sc_title --><\/p>\n<style type=\"text\/css\">.trx_addons_inline_1068313836{color:#C4C4C4 !important}<\/style>\n<figure><img decoding=\"async\" src=\"http:\/\/wako.si\/test\/wp-content\/uploads\/2021\/01\/Copy-of-Copy-of-Glam-Glow-Trends-Templates-Inside-300x169.png\" alt=\"Vladimir Sitar\" \/><figcaption>Vladimir Sitar<\/figcaption><\/figure>\n<h3>Generalni sekretar  kbzs<\/h3>\n<p><!-- \/.sc_title --><\/p>\n<style type=\"text\/css\">.trx_addons_inline_1756827279{color:#C4C4C4 !important}<\/style>\n<figure><img decoding=\"async\" src=\"http:\/\/wako.si\/test\/wp-content\/uploads\/2021\/02\/Glam-Glow-Braids-7-300x169.png\" alt=\"Alen Vozelj\" \/><figcaption>Alen Vozelj<\/figcaption><\/figure>\n<h3>\u010cLANI PREDSEDSTVA<\/h3>\n<p><!-- \/.sc_title --><\/p>\n<style type=\"text\/css\">.trx_addons_inline_1957120799{color:#C4C4C4 !important}<\/style>\n<figure><img decoding=\"async\" src=\"http:\/\/wako.si\/test\/wp-content\/uploads\/2021\/02\/Glam-Glow-Braids-10-300x169.png\" alt=\"Toma\u017e Barada\" \/><figcaption>Toma\u017e Barada<\/figcaption><\/figure>\n<figure><img decoding=\"async\" src=\"http:\/\/wako.si\/test\/wp-content\/uploads\/2021\/02\/Glam-Glow-Braids-6-300x169.png\" alt=\"Bojan Koro\u0161ec\" \/><figcaption>Bojan Koro\u0161ec<\/figcaption><\/figure>\n<figure><img decoding=\"async\" src=\"http:\/\/wako.si\/test\/wp-content\/uploads\/2021\/02\/Glam-Glow-Braids-9-300x169.png\" alt=\"Sre\u010dko Rozman\" \/><figcaption>Sre\u010dko Rozman<\/figcaption><\/figure>\n<figure><img decoding=\"async\" src=\"http:\/\/wako.si\/test\/wp-content\/uploads\/2021\/02\/Animation-Quiz-Riddles-1-300x169.png\" alt=\"Danilo Korotaj\" \/><figcaption>Danilo Korotaj<\/figcaption><\/figure>\n<figure><img decoding=\"async\" src=\"http:\/\/wako.si\/test\/wp-content\/uploads\/2022\/04\/Intrix-koledar-post-1920-\u00d7-1080px-300x169.png\" alt=\"Denis Por\u010di\u010d\" \/><figcaption>Denis Por\u010di\u010d<\/figcaption><\/figure>\n<figure><img decoding=\"async\" src=\"http:\/\/wako.si\/test\/wp-content\/uploads\/2021\/02\/Glam-Glow-Braids-11-300x169.png\" alt=\"Sanel Ljuti\u0107\" \/><figcaption>Sanel Ljuti\u0107<\/figcaption><\/figure>\n<p>\t\t\t\t\t\tPrevious<br \/>\n\t\t\t\t\t\tNext<br \/>\n\t\t\t\t\t\t\t\t\t<a href=\"\">Predsedstvo <\/a><br \/>\n\t\t\t\t\t\t\t\t\tPredsedstvo <\/p>\n<p>Vladimir SITAR &#8211; Predsednik\u00a0<\/p>\n<p>Alen VOZELJ &#8211; Generalni sekretar<\/p>\n<p>Toma\u017e BARADA &#8211; \u010clan<\/p>\n<p>Danilo KOROTAJ &#8211; \u010clan<\/p>\n<p>Sre\u010dko ROZMAN &#8211; \u010clan<\/p>\n<p>Bojan KORO\u0160EC &#8211; \u010clan<\/p>\n<p>Denis POR\u010cI\u010c &#8211; \u010clan<\/p>\n<p>Sanel LJUTI\u0106 &#8211; \u010clan<\/p>\n<p><figure class='gallery-item'>\n\t\t\t\t<img decoding=\"async\" width=\"370\" height=\"208\" src=\"http:\/\/wako.si\/test\/wp-content\/uploads\/2021\/01\/Copy-of-Copy-of-Glam-Glow-Trends-Templates-Inside-370x208.png\" alt=\"\" loading=\"lazy\" aria-describedby=\"gallery-1-4852\" srcset=\"http:\/\/wako.si\/test\/wp-content\/uploads\/2021\/01\/Copy-of-Copy-of-Glam-Glow-Trends-Templates-Inside-370x208.png 370w, http:\/\/wako.si\/test\/wp-content\/uploads\/2021\/01\/Copy-of-Copy-of-Glam-Glow-Trends-Templates-Inside-300x169.png 300w, http:\/\/wako.si\/test\/wp-content\/uploads\/2021\/01\/Copy-of-Copy-of-Glam-Glow-Trends-Templates-Inside-1024x576.png 1024w, http:\/\/wako.si\/test\/wp-content\/uploads\/2021\/01\/Copy-of-Copy-of-Glam-Glow-Trends-Templates-Inside-768x432.png 768w, http:\/\/wako.si\/test\/wp-content\/uploads\/2021\/01\/Copy-of-Copy-of-Glam-Glow-Trends-Templates-Inside-1170x658.png 1170w, http:\/\/wako.si\/test\/wp-content\/uploads\/2021\/01\/Copy-of-Copy-of-Glam-Glow-Trends-Templates-Inside-765x430.png 765w, http:\/\/wako.si\/test\/wp-content\/uploads\/2021\/01\/Copy-of-Copy-of-Glam-Glow-Trends-Templates-Inside-270x152.png 270w, http:\/\/wako.si\/test\/wp-content\/uploads\/2021\/01\/Copy-of-Copy-of-Glam-Glow-Trends-Templates-Inside.png 1280w\" sizes=\"(max-width: 370px) 100vw, 370px\" \/><figcaption class='wp-caption-text gallery-caption' id='gallery-1-4852'>\n\t\t\t\tVladimir Sitar<br \/>\n\t\t\t\t<\/figcaption><\/figure>\n<figure class='gallery-item'>\n\t\t\t\t<img decoding=\"async\" width=\"370\" height=\"208\" src=\"http:\/\/wako.si\/test\/wp-content\/uploads\/2021\/02\/Glam-Glow-Braids-7-370x208.png\" alt=\"\" loading=\"lazy\" aria-describedby=\"gallery-1-5114\" srcset=\"http:\/\/wako.si\/test\/wp-content\/uploads\/2021\/02\/Glam-Glow-Braids-7-370x208.png 370w, http:\/\/wako.si\/test\/wp-content\/uploads\/2021\/02\/Glam-Glow-Braids-7-300x169.png 300w, http:\/\/wako.si\/test\/wp-content\/uploads\/2021\/02\/Glam-Glow-Braids-7-1024x576.png 1024w, http:\/\/wako.si\/test\/wp-content\/uploads\/2021\/02\/Glam-Glow-Braids-7-768x432.png 768w, http:\/\/wako.si\/test\/wp-content\/uploads\/2021\/02\/Glam-Glow-Braids-7-1170x658.png 1170w, http:\/\/wako.si\/test\/wp-content\/uploads\/2021\/02\/Glam-Glow-Braids-7-765x430.png 765w, http:\/\/wako.si\/test\/wp-content\/uploads\/2021\/02\/Glam-Glow-Braids-7-270x152.png 270w, http:\/\/wako.si\/test\/wp-content\/uploads\/2021\/02\/Glam-Glow-Braids-7.png 1280w\" sizes=\"(max-width: 370px) 100vw, 370px\" \/><figcaption class='wp-caption-text gallery-caption' id='gallery-1-5114'>\n\t\t\t\tAlen Vozelj<br \/>\n\t\t\t\t<\/figcaption><\/figure>\n<figure class='gallery-item'>\n\t\t\t\t<img decoding=\"async\" width=\"370\" height=\"208\" src=\"http:\/\/wako.si\/test\/wp-content\/uploads\/2021\/02\/Glam-Glow-Braids-10-370x208.png\" alt=\"\" loading=\"lazy\" aria-describedby=\"gallery-1-5122\" srcset=\"http:\/\/wako.si\/test\/wp-content\/uploads\/2021\/02\/Glam-Glow-Braids-10-370x208.png 370w, http:\/\/wako.si\/test\/wp-content\/uploads\/2021\/02\/Glam-Glow-Braids-10-300x169.png 300w, http:\/\/wako.si\/test\/wp-content\/uploads\/2021\/02\/Glam-Glow-Braids-10-1024x576.png 1024w, http:\/\/wako.si\/test\/wp-content\/uploads\/2021\/02\/Glam-Glow-Braids-10-768x432.png 768w, http:\/\/wako.si\/test\/wp-content\/uploads\/2021\/02\/Glam-Glow-Braids-10-1170x658.png 1170w, http:\/\/wako.si\/test\/wp-content\/uploads\/2021\/02\/Glam-Glow-Braids-10-765x430.png 765w, http:\/\/wako.si\/test\/wp-content\/uploads\/2021\/02\/Glam-Glow-Braids-10-270x152.png 270w, http:\/\/wako.si\/test\/wp-content\/uploads\/2021\/02\/Glam-Glow-Braids-10.png 1280w\" sizes=\"(max-width: 370px) 100vw, 370px\" \/><figcaption class='wp-caption-text gallery-caption' id='gallery-1-5122'>\n\t\t\t\tToma\u017e Barada<br \/>\n\t\t\t\t<\/figcaption><\/figure>\n<figure class='gallery-item'>\n\t\t\t\t<img decoding=\"async\" width=\"370\" height=\"208\" src=\"http:\/\/wako.si\/test\/wp-content\/uploads\/2021\/02\/Animation-Quiz-Riddles-1-370x208.png\" alt=\"\" loading=\"lazy\" aria-describedby=\"gallery-1-5190\" srcset=\"http:\/\/wako.si\/test\/wp-content\/uploads\/2021\/02\/Animation-Quiz-Riddles-1-370x208.png 370w, http:\/\/wako.si\/test\/wp-content\/uploads\/2021\/02\/Animation-Quiz-Riddles-1-300x169.png 300w, http:\/\/wako.si\/test\/wp-content\/uploads\/2021\/02\/Animation-Quiz-Riddles-1-1024x576.png 1024w, http:\/\/wako.si\/test\/wp-content\/uploads\/2021\/02\/Animation-Quiz-Riddles-1-768x432.png 768w, http:\/\/wako.si\/test\/wp-content\/uploads\/2021\/02\/Animation-Quiz-Riddles-1-1536x864.png 1536w, http:\/\/wako.si\/test\/wp-content\/uploads\/2021\/02\/Animation-Quiz-Riddles-1-1170x658.png 1170w, http:\/\/wako.si\/test\/wp-content\/uploads\/2021\/02\/Animation-Quiz-Riddles-1-765x430.png 765w, http:\/\/wako.si\/test\/wp-content\/uploads\/2021\/02\/Animation-Quiz-Riddles-1-270x152.png 270w, http:\/\/wako.si\/test\/wp-content\/uploads\/2021\/02\/Animation-Quiz-Riddles-1.png 1920w\" sizes=\"(max-width: 370px) 100vw, 370px\" \/><figcaption class='wp-caption-text gallery-caption' id='gallery-1-5190'>\n\t\t\t\tDanilo Korotaj<br \/>\n\t\t\t\t<\/figcaption><\/figure>\n<figure class='gallery-item'>\n\t\t\t\t<img decoding=\"async\" width=\"370\" height=\"208\" src=\"http:\/\/wako.si\/test\/wp-content\/uploads\/2021\/02\/Glam-Glow-Braids-9-370x208.png\" alt=\"\" loading=\"lazy\" aria-describedby=\"gallery-1-5123\" srcset=\"http:\/\/wako.si\/test\/wp-content\/uploads\/2021\/02\/Glam-Glow-Braids-9-370x208.png 370w, http:\/\/wako.si\/test\/wp-content\/uploads\/2021\/02\/Glam-Glow-Braids-9-300x169.png 300w, http:\/\/wako.si\/test\/wp-content\/uploads\/2021\/02\/Glam-Glow-Braids-9-1024x576.png 1024w, http:\/\/wako.si\/test\/wp-content\/uploads\/2021\/02\/Glam-Glow-Braids-9-768x432.png 768w, http:\/\/wako.si\/test\/wp-content\/uploads\/2021\/02\/Glam-Glow-Braids-9-1170x658.png 1170w, http:\/\/wako.si\/test\/wp-content\/uploads\/2021\/02\/Glam-Glow-Braids-9-765x430.png 765w, http:\/\/wako.si\/test\/wp-content\/uploads\/2021\/02\/Glam-Glow-Braids-9-270x152.png 270w, http:\/\/wako.si\/test\/wp-content\/uploads\/2021\/02\/Glam-Glow-Braids-9.png 1280w\" sizes=\"(max-width: 370px) 100vw, 370px\" \/><figcaption class='wp-caption-text gallery-caption' id='gallery-1-5123'>\n\t\t\t\tSre\u010dko Rozman<br \/>\n\t\t\t\t<\/figcaption><\/figure>\n<figure class='gallery-item'>\n\t\t\t\t<img decoding=\"async\" width=\"370\" height=\"208\" src=\"http:\/\/wako.si\/test\/wp-content\/uploads\/2021\/02\/Glam-Glow-Braids-6-370x208.png\" alt=\"\" loading=\"lazy\" aria-describedby=\"gallery-1-5106\" srcset=\"http:\/\/wako.si\/test\/wp-content\/uploads\/2021\/02\/Glam-Glow-Braids-6-370x208.png 370w, http:\/\/wako.si\/test\/wp-content\/uploads\/2021\/02\/Glam-Glow-Braids-6-300x169.png 300w, http:\/\/wako.si\/test\/wp-content\/uploads\/2021\/02\/Glam-Glow-Braids-6-1024x576.png 1024w, http:\/\/wako.si\/test\/wp-content\/uploads\/2021\/02\/Glam-Glow-Braids-6-768x432.png 768w, http:\/\/wako.si\/test\/wp-content\/uploads\/2021\/02\/Glam-Glow-Braids-6-1170x658.png 1170w, http:\/\/wako.si\/test\/wp-content\/uploads\/2021\/02\/Glam-Glow-Braids-6-765x430.png 765w, http:\/\/wako.si\/test\/wp-content\/uploads\/2021\/02\/Glam-Glow-Braids-6-270x152.png 270w, http:\/\/wako.si\/test\/wp-content\/uploads\/2021\/02\/Glam-Glow-Braids-6.png 1280w\" sizes=\"(max-width: 370px) 100vw, 370px\" \/><figcaption class='wp-caption-text gallery-caption' id='gallery-1-5106'>\n\t\t\t\tBojan Koro\u0161ec<br \/>\n\t\t\t\t<\/figcaption><\/figure>\n<figure class='gallery-item'>\n\t\t\t\t<img decoding=\"async\" width=\"370\" height=\"208\" src=\"http:\/\/wako.si\/test\/wp-content\/uploads\/2022\/04\/Intrix-koledar-post-1920-\u00d7-1080px-370x208.png\" alt=\"\" loading=\"lazy\" aria-describedby=\"gallery-1-6715\" srcset=\"http:\/\/wako.si\/test\/wp-content\/uploads\/2022\/04\/Intrix-koledar-post-1920-\u00d7-1080px-370x208.png 370w, http:\/\/wako.si\/test\/wp-content\/uploads\/2022\/04\/Intrix-koledar-post-1920-\u00d7-1080px-300x169.png 300w, http:\/\/wako.si\/test\/wp-content\/uploads\/2022\/04\/Intrix-koledar-post-1920-\u00d7-1080px-1024x576.png 1024w, http:\/\/wako.si\/test\/wp-content\/uploads\/2022\/04\/Intrix-koledar-post-1920-\u00d7-1080px-768x432.png 768w, http:\/\/wako.si\/test\/wp-content\/uploads\/2022\/04\/Intrix-koledar-post-1920-\u00d7-1080px-1536x864.png 1536w, http:\/\/wako.si\/test\/wp-content\/uploads\/2022\/04\/Intrix-koledar-post-1920-\u00d7-1080px-1170x658.png 1170w, http:\/\/wako.si\/test\/wp-content\/uploads\/2022\/04\/Intrix-koledar-post-1920-\u00d7-1080px-765x430.png 765w, http:\/\/wako.si\/test\/wp-content\/uploads\/2022\/04\/Intrix-koledar-post-1920-\u00d7-1080px-270x152.png 270w, http:\/\/wako.si\/test\/wp-content\/uploads\/2022\/04\/Intrix-koledar-post-1920-\u00d7-1080px.png 1920w\" sizes=\"(max-width: 370px) 100vw, 370px\" \/><figcaption class='wp-caption-text gallery-caption' id='gallery-1-6715'>\n\t\t\t\tDenis Por\u010di\u010d<br \/>\n\t\t\t\t<\/figcaption><\/figure>\n<figure class='gallery-item'>\n\t\t\t\t<img decoding=\"async\" width=\"370\" height=\"208\" src=\"http:\/\/wako.si\/test\/wp-content\/uploads\/2021\/02\/Glam-Glow-Braids-11-370x208.png\" alt=\"\" loading=\"lazy\" aria-describedby=\"gallery-1-5143\" srcset=\"http:\/\/wako.si\/test\/wp-content\/uploads\/2021\/02\/Glam-Glow-Braids-11-370x208.png 370w, http:\/\/wako.si\/test\/wp-content\/uploads\/2021\/02\/Glam-Glow-Braids-11-300x169.png 300w, http:\/\/wako.si\/test\/wp-content\/uploads\/2021\/02\/Glam-Glow-Braids-11-1024x576.png 1024w, http:\/\/wako.si\/test\/wp-content\/uploads\/2021\/02\/Glam-Glow-Braids-11-768x432.png 768w, http:\/\/wako.si\/test\/wp-content\/uploads\/2021\/02\/Glam-Glow-Braids-11-1170x658.png 1170w, http:\/\/wako.si\/test\/wp-content\/uploads\/2021\/02\/Glam-Glow-Braids-11-765x430.png 765w, http:\/\/wako.si\/test\/wp-content\/uploads\/2021\/02\/Glam-Glow-Braids-11-270x152.png 270w, http:\/\/wako.si\/test\/wp-content\/uploads\/2021\/02\/Glam-Glow-Braids-11.png 1280w\" sizes=\"(max-width: 370px) 100vw, 370px\" \/><figcaption class='wp-caption-text gallery-caption' id='gallery-1-5143'>\n\t\t\t\tSanel Ljuti\u0107<br \/>\n\t\t\t\t<\/figcaption><\/figure>\n<\/p>\n<p>\t\t\t<a href=\"http:\/\/wako.si\/test\/\" role=\"button\"><br \/>\n\t\t\t\t\t\tNazaj<br \/>\n\t\t\t\t\t<\/a><br \/>\n\t\t\t\t\t\t\t\t\t\t\t<a href=\"http:\/\/www.fundacijazasport.org\/si\/\"><br \/>\n\t\t\t\t\t\t\t<img decoding=\"async\" width=\"300\" height=\"127\" src=\"http:\/\/wako.si\/test\/wp-content\/uploads\/2021\/01\/FZS-logo-300x127.png\" alt=\"\" loading=\"lazy\" srcset=\"http:\/\/wako.si\/test\/wp-content\/uploads\/2021\/01\/FZS-logo-300x127.png 300w, http:\/\/wako.si\/test\/wp-content\/uploads\/2021\/01\/FZS-logo-585x250.png 585w, http:\/\/wako.si\/test\/wp-content\/uploads\/2021\/01\/FZS-logo-370x157.png 370w, http:\/\/wako.si\/test\/wp-content\/uploads\/2021\/01\/FZS-logo.png 591w\" sizes=\"(max-width: 300px) 100vw, 300px\" \/>\t\t\t\t\t\t\t\t<\/a><br \/>\n\t\t\t\t\t\t\t\t\t\t\t<a href=\"https:\/\/www.gov.si\/drzavni-organi\/ministrstva\/ministrstvo-za-izobrazevanje-znanost-in-sport\/\"><br \/>\n\t\t\t\t\t\t\t<img decoding=\"async\" width=\"768\" height=\"257\" src=\"http:\/\/wako.si\/test\/wp-content\/uploads\/2021\/01\/MIZS-logo-768x257.png\" alt=\"\" loading=\"lazy\" srcset=\"http:\/\/wako.si\/test\/wp-content\/uploads\/2021\/01\/MIZS-logo-768x257.png 768w, http:\/\/wako.si\/test\/wp-content\/uploads\/2021\/01\/MIZS-logo-300x100.png 300w, http:\/\/wako.si\/test\/wp-content\/uploads\/2021\/01\/MIZS-logo-370x124.png 370w, http:\/\/wako.si\/test\/wp-content\/uploads\/2021\/01\/MIZS-logo-765x255.png 765w, http:\/\/wako.si\/test\/wp-content\/uploads\/2021\/01\/MIZS-logo.png 1024w\" sizes=\"(max-width: 768px) 100vw, 768px\" \/>\t\t\t\t\t\t\t\t<\/a><\/p>\n","protected":false},"excerpt":{"rendered":"<p>Predsednik kbzs Vladimir Sitar Generalni sekretar kbzs Alen Vozelj \u010cLANI PREDSEDSTVA Toma\u017e Barada Bojan Koro\u0161ec Sre\u010dko Rozman Danilo Korotaj Denis Por\u010di\u010d Sanel Ljuti\u0107 Previous Next Predsedstvo Predsedstvo Vladimir SITAR &#8211; Predsednik\u00a0 Alen VOZELJ &#8211; Generalni sekretar Toma\u017e BARADA &#8211; \u010clan Danilo KOROTAJ &#8211; \u010clan Sre\u010dko&hellip;<\/p>\n","protected":false},"author":1,"featured_media":0,"parent":0,"menu_order":0,"comment_status":"closed","ping_status":"closed","template":"elementor_canvas","meta":[],"_links":{"self":[{"href":"https:\/\/wako.si\/test\/wp-json\/wp\/v2\/pages\/458"}],"collection":[{"href":"https:\/\/wako.si\/test\/wp-json\/wp\/v2\/pages"}],"about":[{"href":"https:\/\/wako.si\/test\/wp-json\/wp\/v2\/types\/page"}],"author":[{"embeddable":true,"href":"https:\/\/wako.si\/test\/wp-json\/wp\/v2\/users\/1"}],"replies":[{"embeddable":true,"href":"https:\/\/wako.si\/test\/wp-json\/wp\/v2\/comments?post=458"}],"version-history":[{"count":62,"href":"https:\/\/wako.si\/test\/wp-json\/wp\/v2\/pages\/458\/revisions"}],"predecessor-version":[{"id":6717,"href":"https:\/\/wako.si\/test\/wp-json\/wp\/v2\/pages\/458\/revisions\/6717"}],"wp:attachment":[{"href":"https:\/\/wako.si\/test\/wp-json\/wp\/v2\/media?parent=458"}],"curies":[{"name":"wp","href":"https:\/\/api.w.org\/{rel}","templated":true}]}}