{"id":4976,"date":"2021-01-30T21:29:15","date_gmt":"2021-01-30T21:29:15","guid":{"rendered":"http:\/\/wako.si\/test\/?page_id=4976"},"modified":"2022-04-22T06:59:41","modified_gmt":"2022-04-22T06:59:41","slug":"doping-2","status":"publish","type":"page","link":"https:\/\/wako.si\/test\/doping-2\/","title":{"rendered":"Doping"},"content":{"rendered":"<h6>13 KORAKOV PRI PREIZKUSU PRISOTNOSTI PREPOVEDANIH SREDSTEV<\/h6>\n<p><!-- \/.sc_title --><br \/>\n\t\t\t\t\t\t\t\t\t\t\t\t<a href=\"\">1. Obve\u0161\u010danje \u0161portnika<\/a><\/p>\n<p>Po prireditvi mora uradnik storiti naslednje:<br \/>&#8211; predstaviti se in pisno obvestiti \u0161portnika, da je bil izbran za testiranje;<br \/>&#8211; prositi \u0161portnika, da podpi\u0161e obrazec z obvestilom; izvod obrazca dobi \u0161portnik;<br \/>&#8211; prositi \u0161portnika, naj ne urinira preden pride na Postajo za dopin\u0161ki nadzor (Doping Control Station);<\/p>\n<p>Uradnik ostane s \u0161portnikom, dokler se ne javi na preizkus prisotnosti prepovedanih sredstev.<\/p>\n<p>\u00a0<\/p>\n<p>\t\t\t\t\t\t\t\t\t\t\t\t<a href=\"\">2. Javljanje na preizkus<\/a><\/p>\n<p>Uradnik bo pospremil \u0161portnika do \u010dakalnice na Postaji za dopin\u0161ki nadzor. Pri oddaji urinskega vzorca si lahko \u0161portniki pomagajo s pija\u010dami v originalno zaprti embala\u017ei. Pri postopku imajo \u0161portniki pravico do prisotnosti njihovega predstavnika ter prevajalca. Uradnik, pristojen za odvzem vzorca, ki ga imenuje Dopin\u0161ka kontrola, nadzira postopek odvzema vzorca in \u0161portniku pojasni vsak korak.<\/p>\n<p>\u00a0<\/p>\n<p>\t\t\t\t\t\t\t\t\t\t\t\t<a href=\"\">3. Izbira posode za odvzem vzorca<\/a><\/p>\n<p>Ko je \u0161portnik pripravljen na odvzem vzorca, mora izbrati posodo za odvzem vzorca izmed niza originalno zaprtih posod.<\/p>\n<p>\u00a0<\/p>\n<p>\t\t\t\t\t\t\t\t\t\t\t\t<a href=\"\">4. Nadzor nad odvzemom vzorca<\/a><\/p>\n<p>Uradnik, pristojen za odvzem vzorcev, spremlja \u0161portnika do strani\u0161\u010da, kjer mora slednji odstraniti odve\u010dna obla\u010dila, tako da je mo\u010d neposredno opazovati izlo\u010danje urina v posodico za odvzem. Uradnik mora biti istega spola kot \u0161portnik\/\u0161portnica.<\/p>\n<p>Ko \u0161portnik izlo\u010di zahtevano koli\u010dino urina (obi\u010dajno 75 ml), mora takoj odnesti vzorec v administrativni prostor v Postaji za dopin\u0161ki nadzor. \u010ceprav naj bi le \u0161portnik sam pri\u0161el v stik s svojim vzorcem, pa lahko pri tem prosi za pomo\u010d.<\/p>\n<p>\u00a0<\/p>\n<p>\t\t\t\t\t\t\t\t\t\t\t\t<a href=\"\">5. Izbira varnostnih posodic<\/a><\/p>\n<p>Ob prisotnosti uradnika mora \u0161portnik izbrati par varnostnih posod. \u0160portnik sam, v prisotnosti uradnika in svojega predstavnika, odpre varnostno embala\u017eo.<\/p>\n<p>\u00a0<\/p>\n<p>\t\t\t\t\t\t\t\t\t\t\t\t<a href=\"\">6. Razdelitev vzorca<\/a><\/p>\n<p>\u0160portnik mora nato razdeliti svoj vzorec v stekleni\u010dki (ozna\u010deni z \u00bbA\u00ab in \u00bbB\u00ab); pri tem mora vliti pribli\u017eno 50 ml vzorca v stekleni\u010dko, ozna\u010deno z \u00bbA\u00ab, ter vsaj 25 ml v stekleni\u010dko \u00bbB\u00ab, ob tem pa mora nekaj kapljic ostati v posodah za odvzem vzorca.<\/p>\n<p>\u00a0<\/p>\n<p>\t\t\t\t\t\t\t\t\t\t\t\t<a href=\"\">7. Preverjanje stanja vzorca<\/a><br \/>\n\t\t\t\t\tUradnik bo preveril kislost (pH) in gostoto (specifi\u010dno te\u017eo) va\u0161ega vzorca, preden ga bodo poslali v laboratorij.\u00a0Naslednji rezultati ka\u017eejo, ali urinski vzorec ka\u017ee prave vrednosti pri testiranju; pH med 5 in 7, specifi\u010dna te\u017ea &gt;1,010.\u010ce vrednost vzorca ni v okviru omenjenih mej, lahko uradnik zahteva od \u0161portnika oddajo novega vzorca.<\/p>\n<p>\u00a0<\/p>\n<p>\t\t\t\t\t\t\t\t\t\t\t\t<a href=\"\">8. Oddajanje dodatnega vzorca<\/a><br \/>\n\t\t\t\t\t\u010ce ne morete oddati zahtevane koli\u010dine urina v prvem poizkusu, bo za\u010detni urinski vzorec zape\u010daten. Ko skupni oddani urin dose\u017ee zahtevano koli\u010dino, se skupni vzorec razdeli na posodici \u00bbA\u00ab in \u00bbB\u00ab pred kon\u010dnim zape\u010datenjem.;Uradnik ostane s \u0161portnikom, dokler se ne javi na preizkus prisotnosti prepovedanih sredstev.<\/p>\n<p>\u00a0<\/p>\n<p>\t\t\t\t\t\t\t\t\t\t\t\t<a href=\"\">9. Zape\u010datenje stekleni\u010dk v varnostni embala\u017ei<\/a><\/p>\n<p>Ko \u0161portnik zapre stekleni\u010dke, uradnik za odvzem vzorcev preveri, ali so stekleni\u010dke trdno zaprte, preden jih vrne v njihovo varnostno embala\u017eo.<\/p>\n<p>Varnostni posodici \u00bbA\u00ab in \u00bbB\u00ab je potrebno zapreti v prisotnosti \u0161portnika. Uradnik za odvzem vzorcev nato zabele\u017ei varnostne kode na obrazec za odvzem vzorca.<\/p>\n<p>Uradnik ostane s \u0161portnikom, dokler se ne javi na preizkus prisotnosti prepovedanih sredstev.<\/p>\n<p>\u00a0<\/p>\n<p>\t\t\t\t\t\t\t\t\t\t\t\t<a href=\"\">10. Zaklju\u010dek in potrditev dokumentacije<\/a><br \/>\n\t\t\t\t\t\u0160portnik mora dati podrobne podatke o kakr\u0161nihkoli zdravilih, ki so jih jemali v zadnjih treh dneh. Zelo priporo\u010dljivo je, da \u0161portniki omenijo vsa zdravilna sredstva, vklju\u010dno z inhalatorji, vitamini, zeli\u0161\u010dnimi proizvodi in dodatki, ki jih uporabljajo.\u00a0Med postopkom odvzema vzorca uradnik zabele\u017ei podatke, kot denimo \u0161tevilko pe\u010data in zdravila, ki jih jemlje \u0161portnik, na obrazec za odvzem vzorca. Uradnik prosi \u0161portnika in njegovega predstavnika, da preverita vse podatke na obrazcu, in ga, \u010de sta zadovoljna z vsebino obrazca,\u00a0 podpi\u0161eta.\u00a0Uradnik prav tako preveri in podpi\u0161e obrazec v \u0161portnikovi prisotnosti. Dvojnik izpolnjenega obrazca za odvzem vzorca nato da \u0161portniku. \u0160portnik je s tem zaklju\u010dil s postopkom odvzema vzorca in s svojim predstavnikom lahko zapusti Postajo za dopin\u0161ki nadzor.<\/p>\n<p>\u00a0<\/p>\n<p>\t\t\t\t\t\t\t\t\t\t\t\t<a href=\"\">11. Transport vzorcev v laboratorij<\/a><br \/>\n\t\t\t\t\tVzorce nato v zape\u010dateni embala\u017ei prenesejo v laboratorij, akreditiran s strani MOK, po varovalni verigi, kjer jih nato analizirajo. Laboratorij prejme izvod obrazca za odvzem vzorca, ki vsebuje samo podrobnosti o vzorcu urina, \u0161tevilki varnostnega pe\u010data in zdravilih.\u00a0Ime in naslov \u0161portnika nista del podatkov, ki jih prejmejo v laboratoriju \u2013 podatki ne vsebujejo nobenih informacij, s pomo\u010djo katerih bi lahko ugotovili, za katerega \u0161portnika gre.<\/p>\n<p>\u00a0<\/p>\n<p>\t\t\t\t\t\t\t\t\t\t\t\t<a href=\"\">12. Laboratorijska analiza<\/a><br \/>\n\t\t\t\t\tV laboratoriju analizirajo \u0161portnikov vzorec \u00bbA\u00ab za prisotnost prepovedanih drog ali po\u017eivi.\u00a0\u010ce je vzorec \u00bbA\u00ab negativen, je poro\u010dilo o tem poslano EOK, ki o tem obvesti \u0161portnikovo dr\u017eavo in njegov\/njen vzorec \u00bbB\u00ab se uni\u010di. To poro\u010dilo je obi\u010dajno na voljo v 10 delovnih dneh po prejemu vzorca v laboratoriju.\u00a0\u010ce je \u0161portnikov vzorec \u00bbA\u00ab pozitiven, laboratorij o tem obvesti EOK, ki nato obvestilo posreduje v \u0161portnikovo dr\u017eavo. \u0160portna zveza nato o rezultatu obvesti \u0161portnika.\u00a0\u010ce je preizkus pozitiven, sledi naslednji postopek: laboratorij posreduje svoje ugotovitve neposredno EOK, ki nato deluje skladno s svojim poslovnikom.<\/p>\n<p>\u00a0<\/p>\n<p>\t\t\t\t\t\t\t\t\t\t\t\t<a href=\"\">13. Pomembno opozorilo<\/a><\/p>\n<p>\u010ce se \u0161portnik ne odzove na zahtevo za oddajo vzorca ali dodatnega vzorca, ima tak\u0161no ravnanje lahko za posledico sankcije, enakovredne tistim, ki so zagro\u017eene v primeru pozitivnega rezultata.<\/p>\n<p>\u00a0<\/p>\n<p>\t\t\t<a href=\"http:\/\/wako.si\/test\/\" role=\"button\"><br \/>\n\t\t\t\t\t\tNazaj<br \/>\n\t\t\t\t\t<\/a><br \/>\n\t\t\t\t\t\t\t\t\t\t\t<a href=\"http:\/\/www.fundacijazasport.org\/si\/\"><br \/>\n\t\t\t\t\t\t\t<img decoding=\"async\" width=\"300\" height=\"127\" src=\"http:\/\/wako.si\/test\/wp-content\/uploads\/2021\/01\/FZS-logo-300x127.png\" alt=\"\" loading=\"lazy\" srcset=\"http:\/\/wako.si\/test\/wp-content\/uploads\/2021\/01\/FZS-logo-300x127.png 300w, http:\/\/wako.si\/test\/wp-content\/uploads\/2021\/01\/FZS-logo-585x250.png 585w, http:\/\/wako.si\/test\/wp-content\/uploads\/2021\/01\/FZS-logo-370x157.png 370w, http:\/\/wako.si\/test\/wp-content\/uploads\/2021\/01\/FZS-logo.png 591w\" sizes=\"(max-width: 300px) 100vw, 300px\" \/>\t\t\t\t\t\t\t\t<\/a><br \/>\n\t\t\t\t\t\t\t\t\t\t\t<a href=\"https:\/\/www.gov.si\/drzavni-organi\/ministrstva\/ministrstvo-za-izobrazevanje-znanost-in-sport\/\"><br \/>\n\t\t\t\t\t\t\t<img decoding=\"async\" width=\"768\" height=\"257\" src=\"http:\/\/wako.si\/test\/wp-content\/uploads\/2021\/01\/MIZS-logo-768x257.png\" alt=\"\" loading=\"lazy\" srcset=\"http:\/\/wako.si\/test\/wp-content\/uploads\/2021\/01\/MIZS-logo-768x257.png 768w, http:\/\/wako.si\/test\/wp-content\/uploads\/2021\/01\/MIZS-logo-300x100.png 300w, http:\/\/wako.si\/test\/wp-content\/uploads\/2021\/01\/MIZS-logo-370x124.png 370w, http:\/\/wako.si\/test\/wp-content\/uploads\/2021\/01\/MIZS-logo-765x255.png 765w, http:\/\/wako.si\/test\/wp-content\/uploads\/2021\/01\/MIZS-logo.png 1024w\" sizes=\"(max-width: 768px) 100vw, 768px\" \/>\t\t\t\t\t\t\t\t<\/a><\/p>\n","protected":false},"excerpt":{"rendered":"<p>13 KORAKOV PRI PREIZKUSU PRISOTNOSTI PREPOVEDANIH SREDSTEV 1. Obve\u0161\u010danje \u0161portnika Po prireditvi mora uradnik storiti naslednje:&#8211; predstaviti se in pisno obvestiti \u0161portnika, da je bil izbran za testiranje;&#8211; prositi \u0161portnika, da podpi\u0161e obrazec z obvestilom; izvod obrazca dobi \u0161portnik;&#8211; prositi \u0161portnika, naj ne urinira preden&hellip;<\/p>\n","protected":false},"author":1,"featured_media":0,"parent":0,"menu_order":0,"comment_status":"closed","ping_status":"closed","template":"elementor_canvas","meta":[],"_links":{"self":[{"href":"https:\/\/wako.si\/test\/wp-json\/wp\/v2\/pages\/4976"}],"collection":[{"href":"https:\/\/wako.si\/test\/wp-json\/wp\/v2\/pages"}],"about":[{"href":"https:\/\/wako.si\/test\/wp-json\/wp\/v2\/types\/page"}],"author":[{"embeddable":true,"href":"https:\/\/wako.si\/test\/wp-json\/wp\/v2\/users\/1"}],"replies":[{"embeddable":true,"href":"https:\/\/wako.si\/test\/wp-json\/wp\/v2\/comments?post=4976"}],"version-history":[{"count":8,"href":"https:\/\/wako.si\/test\/wp-json\/wp\/v2\/pages\/4976\/revisions"}],"predecessor-version":[{"id":6725,"href":"https:\/\/wako.si\/test\/wp-json\/wp\/v2\/pages\/4976\/revisions\/6725"}],"wp:attachment":[{"href":"https:\/\/wako.si\/test\/wp-json\/wp\/v2\/media?parent=4976"}],"curies":[{"name":"wp","href":"https:\/\/api.w.org\/{rel}","templated":true}]}}