{"id":5466,"date":"2021-02-27T17:42:07","date_gmt":"2021-02-27T17:42:07","guid":{"rendered":"http:\/\/wako.si\/test\/?page_id=5466"},"modified":"2022-11-18T20:31:31","modified_gmt":"2022-11-18T20:31:31","slug":"arhiv-2019","status":"publish","type":"page","link":"https:\/\/wako.si\/test\/arhiv-2019\/","title":{"rendered":"Arhiv 2019"},"content":{"rendered":"<h2>ARHIV 2019<\/h2>\n<h6>3.12.2019<\/h6>\n<h3>sVETOVNO PRVENSTVO V TUR\u010cIJI &#8211; ANTALYA<\/h3>\n<p>Tina Baloh in Jakob \u0160imnic svetovna prvaka, Poto\u010dnik bronast!<a href=\"http:\/\/wako.si\/svetovno-prvenstvo-v-turciji-antalya\/\" target=\"_blank\" rel=\"noopener\">Preberi ve\u010d<\/a><!-- \/.sc_action_item_inner --><\/p>\n<h6>17.11.2019<\/h6>\n<h3>3. Otro\u0161ki turnir Nova Gorica<\/h3>\n<p>Minuli vikend se je v \u00bbBalonu\u00ab v novogori\u0161kem \u0160portnem parku odvilo tekmovanje posve\u010deno najmlaj\u0161im za\u010detnikom v kickboxingu.<a href=\"http:\/\/wako.si\/3-otroski-turnir-nova-gorica\/\" target=\"_blank\" rel=\"noopener\">preberi ve\u010d<\/a><!-- \/.sc_action_item_inner --><\/p>\n<h6>3.11.2019<\/h6>\n<h3>Tina Baloh osvojila 36. Slovenia open<\/h3>\n<p>36. Slovenia open zdru\u017eil skoraj 500 borcev in bork vseh starostnih kategorij iz Slovenije, Hrva\u0161ke, Italije, Mad\u017earske, BiH, Avstrije, Bolgarije in Poljske. <a href=\"http:\/\/wako.si\/tina-baloh-osvojila-36-slovenia-open\/\" target=\"_blank\" rel=\"noopener\">PREBERI VE\u010c<\/a><!-- \/.sc_action_item_inner --><!-- \/.sc_action --><\/p>\n<style type=\"text\/css\">.trx_addons_inline_1008384718{color:#8F9097 !important}<\/style>\n<h6>26.10.2019<\/h6>\n<h3>Sta\u0161a Lipnik in David \u017dibrat svetovna prvaka<\/h3>\n<p>Slovenska reprezentanca v kickboxingu se iz \u010dlanskega svetovnega prvenstva v Sarajevu za discipline light-contact, low-kick in K-1 vra\u010da s petimi odli\u010dji; z dvema zlatima, enim srebrnim in dvema bronastima odli\u010djema.<a href=\"http:\/\/wako.si\/stasa-lipnik-in-david-zibrat-svetovna-prvaka\/\" target=\"_blank\" rel=\"noopener\">Preberi ve\u010d<\/a><!-- \/.sc_action_item_inner --><\/p>\n<h6>1.9.2019<\/h6>\n<h3>Mlada reprezentanca iz EP s 7 naslovi prvaka<\/h3>\n<p>Slovenska kadetska in mladinska reprezentanca se iz evropskega prvenstva v kickboxingu, ki se je minuli vikend zaklju\u010dilo v mad\u017earskem Gy\u00f6ru, vra\u010da s kar sedmimi naslovi evropskih prvakov, sedmimi naslovi evropskih podprvakov ter \u0161tirimi bronastimi odli\u010dji.<a href=\"http:\/\/wako.si\/mlada-reprezentanca-iz-ep-s-7-naslovi-prvaka\/\" target=\"_blank\" rel=\"noopener\">preberi ve\u010d<\/a><!-- \/.sc_action_item_inner --><!-- \/.sc_action -->\t\t<\/p>\n<h6>23.6.2019<\/h6>\n<h3>V Kopru uspe\u0161no zaklju\u010dili drugi turnir otro\u0161ke lige KBZS<\/h3>\n<p>Minulo soboto je otro\u0161ka liga KBZS obiskala tudi jugozahodno Slovenijo, kjer se je v Kopru v treh tekmovalnih disciplinah, v point-fightingu, tekmovanju na elektronski vre\u010di in spretnostnem poligonu, pomerilo 93 tekmovalcev.<a href=\"http:\/\/wako.si\/v-kopru-uspesno-zakljucili-drugi-turnir-otroske-lige-kbzs\/\" target=\"_blank\" rel=\"noopener\">Preberi ve\u010d<\/a><!-- \/.sc_action_item_inner --><\/p>\n<h6>17.6.2019<\/h6>\n<h3>Poto\u010dnik osvojil Bestfighter, Slovencem kar 47 odli\u010dij<\/h3>\n<p>Slovenska kadetska in mladinska reprezentanca se iz evropskega prvenstva v kickboxingu v mad\u017earskem Gy\u00f6ru, vra\u010da s kar sedmimi naslovi evropskih prvakov, sedmimi naslovi evropskih podprvakov ter \u0161tirimi bronastimi odli\u010dji.<a href=\"http:\/\/wako.si\/potocnik-osvojil-bestfighter-slovencem-kar-47-odlicij\/\" target=\"_blank\" rel=\"noopener\">preberi ve\u010d<\/a><!-- \/.sc_action_item_inner --><\/p>\n<h6>10.6.2019<\/h6>\n<h3>Izlake Open ponovno zdru\u017eil mlade kickboxerje<\/h3>\n<p>Mladim generacijam tekmovalcev v disciplini point-fighting posve\u010deno odprto prvenstvo Izlak je letos zdru\u017eilo kar 132 mladih bork in borcev iz 14 klubov iz Avstrije, \u010ce\u0161ke, Hrva\u0161ke in Slovenije.<a href=\"http:\/\/wako.si\/izlake-open-ponovno-zdruzil-mlade-kickboxerje\/\">preberi ve\u010d<\/a><!-- \/.sc_action_item_inner --><!-- \/.sc_action -->\t\t<\/p>\n<h6>19.5.2019<\/h6>\n<h3>8 zlatih odli\u010dij na svetovnem pokalu Hungarian Open 2019<\/h3>\n<p>Slovenska odprava na Mad\u017earskem Hungarian Open 2019, ki \u0161teje v serijo turnirjev svetovnega pokala zveze WAKO, dosegla 33 odli\u010dij, od tega 8 zlatih.<a href=\"http:\/\/wako.si\/8-zlatih-odlicij-na-svetovnem-pokalu-hungarian-open-2019\/\" target=\"_blank\" rel=\"noopener\">Preberi ve\u010d<\/a><!-- \/.sc_action_item_inner --><\/p>\n<h6>17.4.2019<\/h6>\n<h3>10 priznanj OKS za na\u0161e kickboxerje<\/h3>\n<p>Slovenska kadetska in mladinska reprezentanca se iz evropskega prvenstva v kickboxingu, ki se je minuli vikend zaklju\u010dilo v mad\u017earskem Gy\u00f6ru, vra\u010da s kar sedmimi naslovi evropskih prvakov, sedmimi naslovi evropskih podprvakov ter \u0161tirimi bronastimi odli\u010dji.<a href=\"http:\/\/wako.si\/10-priznanj-oks-za-nase-kickboxerje\/\" target=\"_blank\" rel=\"noopener\">preberi ve\u010d<\/a><!-- \/.sc_action_item_inner --><!-- \/.sc_action -->\t\t<\/p>\n<h6>15.4.2019<\/h6>\n<h3>Austrian Classics: 14 zlatih odli\u010dij na svetovnem pokalu v Innsbrucku<\/h3>\n<p>Slovenska odprava na Austrian Classics v Innsbrucku, ki \u0161teje v serijo turnirjev svetovnega pokala zveze WAKO, dosegla 40 odli\u010dij, od tega 14 zlatih.<a href=\"http:\/\/wako.si\/austrian-classics-14-zlatih-odlicij-na-svetovnem-pokalu-v-innsbrucku\/\" target=\"_blank\" rel=\"noopener\">Preberi ve\u010d<\/a><!-- \/.sc_action_item_inner --><\/p>\n<h6>7.4.2019<\/h6>\n<h3>No\u010d dvobojev: zgodovinska naslova svetovnega in evropskega prvaka<\/h3>\n<p>Deset dvobojev v ringu mariborske dvorane Tabor Sloveniji prineslo zgodovinska naslova profesionalnega svetovnega prvaka full-contactu Gregorja Stra\u010daneka in evropskega prvaka \u017dige Pe\u010dnika.<a href=\"http:\/\/wako.si\/noc-dvobojev-zgodovinska-naslova-svetovnega-in-evropskega-prvaka\/\" target=\"_blank\" rel=\"noopener\">preberi ve\u010d<\/a><!-- \/.sc_action_item_inner --><\/p>\n<h6>24.3.2019<\/h6>\n<h3>V Trebnjem otvorili otro\u0161ko ligo KBZS<\/h3>\n<p>Minuli vikend se je v Trebnjem odvil prvi izmed \u0161tirih leto\u0161njih turnirjev otro\u0161ke lige, kjer se je v treh tekmovalnih disciplinah, point-fightingu, tekmovanju na elektronski vre\u010di in spretnostnem poligonom pomerilo 172 tekmovalcev iz sedmih klubov..<a href=\"http:\/\/wako.si\/v-trebnjem-otvorili-otrosko-ligo-kbzs\/\">preberi ve\u010d<\/a><!-- \/.sc_action_item_inner --><!-- \/.sc_action -->\t\t<\/p>\n<h6>17.3.2019<\/h6>\n<h3>KBZS podelila priznanja najbolj\u0161im in zaslu\u017enim \u010dlanom<\/h3>\n<p>Kickboxing zveza Slovenije je na sve\u010dani otvoritvi dr\u017eavnega prvenstva v tatami disciplinah na Ptuju podelila priznanja in plakete najbolj\u0161im \u0161portnikom minulega leta in zaslu\u017eim \u010dlanom, ki so se odlikovali s svojim delom pri razvoju kickboxinga.<a href=\"http:\/\/wako.si\/kbzs-podelila-priznanja-najboljsim-in-zasluznim-clanom\/\" target=\"_blank\" rel=\"noopener\">Preberi ve\u010d<\/a><!-- \/.sc_action_item_inner --><\/p>\n<h6>27.1.2019<\/h6>\n<h3>Sodniki pripravljeni na sezono 2019<\/h3>\n<p>Minuli vikend se je na Ptuju odvil redni sodni\u0161ki seminar, ki se ga je udele\u017eilo 32 licenciranih sodnikov ter kandidati za nove sodnike in trenerje.<a href=\"http:\/\/wako.si\/sodniki-pripravljeni-na-sezono-2019\/\" target=\"_blank\" rel=\"noopener\">preberi ve\u010d<\/a><!-- \/.sc_action_item_inner --><!-- \/.sc_action -->\t\t<\/p>\n<h6>13.1.2019<\/h6>\n<h3>Licence za leto 2019 podalj\u0161alo rekordno \u0161tevilo trenerjev in vaditeljev<\/h3>\n<p>Minulo nedeljo se je v Slovenski Bistrici odvil \u0161e drugi redni licen\u010dni trenerski seminar za leto 2019, ki ga je zaznamovala udele\u017eba okrog 80 slu\u0161ateljev.<a href=\"http:\/\/wako.si\/licence-za-leto-2019-podaljsalo-rekordno-stevilo-trenerjev-in-vaditeljev\/\" target=\"_blank\" rel=\"noopener\">Preberi ve\u010d<\/a><!-- \/.sc_action_item_inner --><!-- \/.sc_action --><br \/>\n\t\t\t<a href=\"http:\/\/wako.si\/\" role=\"button\"><br \/>\n\t\t\t\t\t\tNazaj<br \/>\n\t\t\t\t\t<\/a><br \/>\n\t\t\t\t\t\t\t\t\t\t\t\t\t<a href=\"http:\/\/www.fundacijazasport.org\/si\/\"><br \/>\n\t\t\t\t\t\t\t<img decoding=\"async\" width=\"300\" height=\"127\" src=\"http:\/\/wako.si\/test\/wp-content\/uploads\/2021\/01\/FZS-logo-300x127.png\" alt=\"\" loading=\"lazy\" srcset=\"http:\/\/wako.si\/test\/wp-content\/uploads\/2021\/01\/FZS-logo-300x127.png 300w, http:\/\/wako.si\/test\/wp-content\/uploads\/2021\/01\/FZS-logo-585x250.png 585w, http:\/\/wako.si\/test\/wp-content\/uploads\/2021\/01\/FZS-logo-370x157.png 370w, http:\/\/wako.si\/test\/wp-content\/uploads\/2021\/01\/FZS-logo.png 591w\" sizes=\"(max-width: 300px) 100vw, 300px\" \/>\t\t\t\t\t\t\t\t<\/a><br \/>\n\t\t\t\t\t\t\t\t\t\t\t\t\t<a href=\"https:\/\/www.gov.si\/drzavni-organi\/ministrstva\/ministrstvo-za-izobrazevanje-znanost-in-sport\/\"><br \/>\n\t\t\t\t\t\t\t<img decoding=\"async\" width=\"768\" height=\"257\" src=\"http:\/\/wako.si\/test\/wp-content\/uploads\/2021\/01\/MIZS-logo-768x257.png\" alt=\"\" loading=\"lazy\" srcset=\"http:\/\/wako.si\/test\/wp-content\/uploads\/2021\/01\/MIZS-logo-768x257.png 768w, http:\/\/wako.si\/test\/wp-content\/uploads\/2021\/01\/MIZS-logo-300x100.png 300w, http:\/\/wako.si\/test\/wp-content\/uploads\/2021\/01\/MIZS-logo-370x124.png 370w, http:\/\/wako.si\/test\/wp-content\/uploads\/2021\/01\/MIZS-logo-765x255.png 765w, http:\/\/wako.si\/test\/wp-content\/uploads\/2021\/01\/MIZS-logo.png 1024w\" sizes=\"(max-width: 768px) 100vw, 768px\" \/>\t\t\t\t\t\t\t\t<\/a><br \/>\n\t\t\t\t\t<a href=\"https:\/\/www.facebook.com\/wako.si\" target=\"_blank\" rel=\"noopener\"><br \/>\n\t\t\t\t\t\tFacebook<br \/>\n\t\t\t\t\t\t\t\t\t\t\t<\/a><br \/>\n\t\t\t\t\t<a href=\"https:\/\/twitter.com\/slokbzs\" target=\"_blank\" rel=\"noopener\"><br \/>\n\t\t\t\t\t\tTwitter<br \/>\n\t\t\t\t\t\t\t\t\t\t\t<\/a><\/p>\n","protected":false},"excerpt":{"rendered":"<p>ARHIV 2019 3.12.2019 sVETOVNO PRVENSTVO V TUR\u010cIJI &#8211; ANTALYA Tina Baloh in Jakob \u0160imnic svetovna prvaka, Poto\u010dnik bronast!Preberi ve\u010d 17.11.2019 3. Otro\u0161ki turnir Nova Gorica Minuli vikend se je v \u00bbBalonu\u00ab v novogori\u0161kem \u0160portnem parku odvilo tekmovanje posve\u010deno najmlaj\u0161im za\u010detnikom v kickboxingu.preberi ve\u010d 3.11.2019 Tina&hellip;<\/p>\n","protected":false},"author":1,"featured_media":0,"parent":0,"menu_order":0,"comment_status":"closed","ping_status":"closed","template":"elementor_canvas","meta":[],"_links":{"self":[{"href":"https:\/\/wako.si\/test\/wp-json\/wp\/v2\/pages\/5466"}],"collection":[{"href":"https:\/\/wako.si\/test\/wp-json\/wp\/v2\/pages"}],"about":[{"href":"https:\/\/wako.si\/test\/wp-json\/wp\/v2\/types\/page"}],"author":[{"embeddable":true,"href":"https:\/\/wako.si\/test\/wp-json\/wp\/v2\/users\/1"}],"replies":[{"embeddable":true,"href":"https:\/\/wako.si\/test\/wp-json\/wp\/v2\/comments?post=5466"}],"version-history":[{"count":33,"href":"https:\/\/wako.si\/test\/wp-json\/wp\/v2\/pages\/5466\/revisions"}],"predecessor-version":[{"id":7793,"href":"https:\/\/wako.si\/test\/wp-json\/wp\/v2\/pages\/5466\/revisions\/7793"}],"wp:attachment":[{"href":"https:\/\/wako.si\/test\/wp-json\/wp\/v2\/media?parent=5466"}],"curies":[{"name":"wp","href":"https:\/\/api.w.org\/{rel}","templated":true}]}}