{"id":5745,"date":"2021-04-17T18:52:00","date_gmt":"2021-04-17T18:52:00","guid":{"rendered":"http:\/\/wako.si\/test\/?page_id=5745"},"modified":"2021-05-16T17:46:05","modified_gmt":"2021-05-16T17:46:05","slug":"prvi-korak-v-novi-gorici-opravilo-72-mladih-borcev-in-bork","status":"publish","type":"page","link":"https:\/\/wako.si\/test\/prvi-korak-v-novi-gorici-opravilo-72-mladih-borcev-in-bork\/","title":{"rendered":"Prvi korak v novi Gorici opravilo 72 mladih borcev in bork"},"content":{"rendered":"<p><img decoding=\"async\" width=\"762\" height=\"533\" src=\"http:\/\/wako.si\/test\/wp-content\/uploads\/2021\/04\/Posnetek-zaslona-455.png\" alt=\"\" loading=\"lazy\" srcset=\"http:\/\/wako.si\/test\/wp-content\/uploads\/2021\/04\/Posnetek-zaslona-455.png 762w, http:\/\/wako.si\/test\/wp-content\/uploads\/2021\/04\/Posnetek-zaslona-455-300x210.png 300w, http:\/\/wako.si\/test\/wp-content\/uploads\/2021\/04\/Posnetek-zaslona-455-370x259.png 370w\" sizes=\"(max-width: 762px) 100vw, 762px\" \/>\t\t\t\t\t\t\t\t\t\t\t<\/p>\n<p>Minuli vikend se je v organizaciji \u0160D Budokai in podpori Kickboxing zveze Slovenije odvil turnir Prvi korak, tekmovanje posve\u010deno najmlaj\u0161im kategorijam kickboxerjev, na katerem je sodelovalo 72 bork in borcev iz petih slovenskih klubov.<\/p>\n<p>Leto\u0161nje, za Kickboxing zvezo Slovenije izjemno uspe\u0161no tekmovalno leto s tremi osvojenimi \u010dlanskimi naslovni svetovnih prvakov in naslovom evropskega prvaka v vrstah starej\u0161ih kadetov, je sklenilo prav posebno tekmovanje, namenjeno otrokom, ki \u0161ele vstopajo v ta \u0161port.<\/p>\n<p><i>\u00bbTurnir smo poimenovali Prvi korak, saj so danes skoraj vsi otroci do\u017eiveli prvo izku\u0161njo s tekmovalnim kickboxingom. Temu smo prilagodili tudi pestrost aktivnosti, sojenje in nagrade. Na koncu smo imeli \u0161e pogostitev. Otroci so u\u017eivali in mislim, da so bili vsi zadovoljni,\u00ab<\/i> je o tekmovanju povedal idejni o\u010de projekta Emil Benko iz \u0160D Budokai.<\/p>\n<p>Mlade kickboxerje so po skupnem ogrevanju na Prvem koraku pri\u010dakali kar trije turnirji v enem. Poleg klasi\u010dnega turnirja z izpadanjem v point-fightingu, so se pomerili \u0161e v mini turnirju, kjer so osvojene to\u010dke zamenjevali za \u010dokoladice in tekmovanju na simulatorju sistema eFighting.<\/p>\n<\/p>\n<p><gwmw style=\"display:none;\"><\/gwmw>\t\t<\/p>\n<p>Trenerji prisotnih klubov, poleg obeh novogori\u0161kih klubov \u0160D Budokai in \u0160D Fight Factory so sodelovali \u0161e klubi iz Izole, Kopra in Izlak, sogla\u0161ajo, da je Prvi korak korak v pravo smer. Prepogosto se namre\u010d dogaja, da mladi za\u010detnik odpotuje na prvi turnir, pre\u017eivi cel dan v \u010dakanju svojega nastopa, ki ga v ve\u010dini primerov v borbi z izku\u0161enej\u0161im nasprotnikov izgubi in tako ostane brez pozitivne izku\u0161nje. Prvi korak pa najmlaj\u0161im borcem in borkam omogo\u010da preboj tekmovalnega ledu v dru\u017ebi ostalih sovrstnikov za\u010detnikov, hkrati pa jih z raznovrstnimi aktivnosti in nastopi opremi tudi z izku\u0161njami za nastop na prvem ve\u010djem turnirju.<\/p>\n<p>Star\u0161i in ostali simpatizerji kickboxinga, ki so napolnili Veliko telovadnico novogori\u0161kega \u0161portnega parka so bili pri\u010da veliki zagnanosti mladih kickboxerjev, ki so kljub neizku\u0161enosti prikazali tudi veliko tehni\u010dnega znanja. Ob tem pa v \u0160D Budokai izpostavljajo poslanstvo Prvega koraka:<i> \u00bbPredvsem smo otrokom \u017eeleli pri\u010darati prvo tozadevno izku\u0161njo, ki si jo bodo zagotovo zapomnili za celo \u017eivljenje, v kar najbolj\u0161i lu\u010di.\u00ab<\/i><\/p>\n<p>\u00a0<\/p>\n<p>\u00a0<\/p>\n<p>\t\t\t<a href=\"http:\/\/wako.si\/test\/\" role=\"button\"><br \/>\n\t\t\t\t\t\tNazaj<br \/>\n\t\t\t\t\t<\/a><br \/>\n                            <a href=\"http:\/\/wako.sport\/en\/\"><img decoding=\"async\" width=\"90\" height=\"90\" src=\"http:\/\/wako.si\/test\/wp-content\/uploads\/2021\/01\/wako-logo-90x90.png\" alt=\"\" loading=\"lazy\" srcset=\"http:\/\/wako.si\/test\/wp-content\/uploads\/2021\/01\/wako-logo-90x90.png 90w, http:\/\/wako.si\/test\/wp-content\/uploads\/2021\/01\/wako-logo-300x300.png 300w, http:\/\/wako.si\/test\/wp-content\/uploads\/2021\/01\/wako-logo-1024x1024.png 1024w, http:\/\/wako.si\/test\/wp-content\/uploads\/2021\/01\/wako-logo-150x150.png 150w, http:\/\/wako.si\/test\/wp-content\/uploads\/2021\/01\/wako-logo-768x768.png 768w, http:\/\/wako.si\/test\/wp-content\/uploads\/2021\/01\/wako-logo-1536x1536.png 1536w, http:\/\/wako.si\/test\/wp-content\/uploads\/2021\/01\/wako-logo-370x370.png 370w, http:\/\/wako.si\/test\/wp-content\/uploads\/2021\/01\/wako-logo-765x765.png 765w, http:\/\/wako.si\/test\/wp-content\/uploads\/2021\/01\/wako-logo.png 1680w\" sizes=\"(max-width: 90px) 100vw, 90px\" \/><\/a><br \/>\n                            <a href=\"http:\/\/www.fundacijazasport.org\/si\/\"><img decoding=\"async\" width=\"300\" height=\"127\" src=\"http:\/\/wako.si\/test\/wp-content\/uploads\/2021\/01\/FZS-logo-300x127.png\" alt=\"\" loading=\"lazy\" srcset=\"http:\/\/wako.si\/test\/wp-content\/uploads\/2021\/01\/FZS-logo-300x127.png 300w, http:\/\/wako.si\/test\/wp-content\/uploads\/2021\/01\/FZS-logo-585x250.png 585w, http:\/\/wako.si\/test\/wp-content\/uploads\/2021\/01\/FZS-logo-370x157.png 370w, http:\/\/wako.si\/test\/wp-content\/uploads\/2021\/01\/FZS-logo.png 591w\" sizes=\"(max-width: 300px) 100vw, 300px\" \/><\/a><br \/>\n                            <a href=\"https:\/\/www.gov.si\/drzavni-organi\/ministrstva\/ministrstvo-za-izobrazevanje-znanost-in-sport\/\"><img decoding=\"async\" width=\"765\" height=\"230\" src=\"http:\/\/wako.si\/test\/wp-content\/uploads\/2021\/01\/MIZS-logo-1-765x230.png\" alt=\"\" loading=\"lazy\" srcset=\"http:\/\/wako.si\/test\/wp-content\/uploads\/2021\/01\/MIZS-logo-1-765x230.png 765w, http:\/\/wako.si\/test\/wp-content\/uploads\/2021\/01\/MIZS-logo-1-300x90.png 300w, http:\/\/wako.si\/test\/wp-content\/uploads\/2021\/01\/MIZS-logo-1-768x231.png 768w, http:\/\/wako.si\/test\/wp-content\/uploads\/2021\/01\/MIZS-logo-1-370x111.png 370w, http:\/\/wako.si\/test\/wp-content\/uploads\/2021\/01\/MIZS-logo-1.png 883w\" sizes=\"(max-width: 765px) 100vw, 765px\" \/><\/a><br \/>\n                            <a href=\"https:\/\/www.olympic.si\/\"><img decoding=\"async\" width=\"90\" height=\"90\" src=\"http:\/\/wako.si\/test\/wp-content\/uploads\/2021\/01\/logo-1-90x90.png\" alt=\"\" loading=\"lazy\" srcset=\"http:\/\/wako.si\/test\/wp-content\/uploads\/2021\/01\/logo-1-90x90.png 90w, http:\/\/wako.si\/test\/wp-content\/uploads\/2021\/01\/logo-1-150x150.png 150w, http:\/\/wako.si\/test\/wp-content\/uploads\/2021\/01\/logo-1-370x370.png 370w\" sizes=\"(max-width: 90px) 100vw, 90px\" \/><\/a><br \/>\n                            <a href=\"https:\/\/www.sloado.si\/\"><img decoding=\"async\" width=\"90\" height=\"90\" src=\"http:\/\/wako.si\/test\/wp-content\/uploads\/2021\/01\/SLOADO-logo-90x90.png\" alt=\"\" loading=\"lazy\" srcset=\"http:\/\/wako.si\/test\/wp-content\/uploads\/2021\/01\/SLOADO-logo-90x90.png 90w, http:\/\/wako.si\/test\/wp-content\/uploads\/2021\/01\/SLOADO-logo-150x150.png 150w, http:\/\/wako.si\/test\/wp-content\/uploads\/2021\/01\/SLOADO-logo-370x370.png 370w\" sizes=\"(max-width: 90px) 100vw, 90px\" \/><\/a><br \/>\n                            <a href=\"https:\/\/www.facebook.com\/wako.si\"><img decoding=\"async\" width=\"90\" height=\"90\" src=\"http:\/\/wako.si\/test\/wp-content\/uploads\/2021\/02\/Experimental-YT-60-sec-clips-NEW-thumbs-11-90x90.png\" alt=\"\" loading=\"lazy\" srcset=\"http:\/\/wako.si\/test\/wp-content\/uploads\/2021\/02\/Experimental-YT-60-sec-clips-NEW-thumbs-11-90x90.png 90w, http:\/\/wako.si\/test\/wp-content\/uploads\/2021\/02\/Experimental-YT-60-sec-clips-NEW-thumbs-11-150x150.png 150w, http:\/\/wako.si\/test\/wp-content\/uploads\/2021\/02\/Experimental-YT-60-sec-clips-NEW-thumbs-11-370x370.png 370w\" sizes=\"(max-width: 90px) 100vw, 90px\" \/><\/a><br \/>\n                            <a href=\"https:\/\/twitter.com\/SLOkbzs\"><img decoding=\"async\" width=\"90\" height=\"90\" src=\"http:\/\/wako.si\/test\/wp-content\/uploads\/2021\/02\/Experimental-YT-60-sec-clips-NEW-thumbs-12-90x90.png\" alt=\"\" loading=\"lazy\" srcset=\"http:\/\/wako.si\/test\/wp-content\/uploads\/2021\/02\/Experimental-YT-60-sec-clips-NEW-thumbs-12-90x90.png 90w, http:\/\/wako.si\/test\/wp-content\/uploads\/2021\/02\/Experimental-YT-60-sec-clips-NEW-thumbs-12-150x150.png 150w, http:\/\/wako.si\/test\/wp-content\/uploads\/2021\/02\/Experimental-YT-60-sec-clips-NEW-thumbs-12-370x370.png 370w\" sizes=\"(max-width: 90px) 100vw, 90px\" \/><\/a><\/p>\n","protected":false},"excerpt":{"rendered":"<p>Minuli vikend se je v organizaciji \u0160D Budokai in podpori Kickboxing zveze Slovenije odvil turnir Prvi korak, tekmovanje posve\u010deno najmlaj\u0161im kategorijam kickboxerjev, na katerem je sodelovalo 72 bork in borcev iz petih slovenskih klubov. Leto\u0161nje, za Kickboxing zvezo Slovenije izjemno uspe\u0161no tekmovalno leto s tremi&hellip;<\/p>\n","protected":false},"author":1,"featured_media":0,"parent":0,"menu_order":0,"comment_status":"closed","ping_status":"closed","template":"elementor_canvas","meta":[],"_links":{"self":[{"href":"https:\/\/wako.si\/test\/wp-json\/wp\/v2\/pages\/5745"}],"collection":[{"href":"https:\/\/wako.si\/test\/wp-json\/wp\/v2\/pages"}],"about":[{"href":"https:\/\/wako.si\/test\/wp-json\/wp\/v2\/types\/page"}],"author":[{"embeddable":true,"href":"https:\/\/wako.si\/test\/wp-json\/wp\/v2\/users\/1"}],"replies":[{"embeddable":true,"href":"https:\/\/wako.si\/test\/wp-json\/wp\/v2\/comments?post=5745"}],"version-history":[{"count":8,"href":"https:\/\/wako.si\/test\/wp-json\/wp\/v2\/pages\/5745\/revisions"}],"predecessor-version":[{"id":6061,"href":"https:\/\/wako.si\/test\/wp-json\/wp\/v2\/pages\/5745\/revisions\/6061"}],"wp:attachment":[{"href":"https:\/\/wako.si\/test\/wp-json\/wp\/v2\/media?parent=5745"}],"curies":[{"name":"wp","href":"https:\/\/api.w.org\/{rel}","templated":true}]}}