{"id":6104,"date":"2021-07-04T10:28:07","date_gmt":"2021-07-04T10:28:07","guid":{"rendered":"http:\/\/wako.si\/test\/?page_id=6104"},"modified":"2022-11-18T20:39:32","modified_gmt":"2022-11-18T20:39:32","slug":"arhiv-2021","status":"publish","type":"page","link":"https:\/\/wako.si\/test\/arhiv-2021\/","title":{"rendered":"Arhiv 2021"},"content":{"rendered":"<h2>ARHIV 2021<\/h2>\n<h6>14.11.2021<\/h6>\n<h3>Evropsko Prvenstvo za katede in mladince v budvi!<\/h3>\n<p>Na prvenstvu, kjer sodeluje pribli\u017eno 1500 tekmovalcev iz 39 dr\u017eav, sodeluje reprezentanca Slovenije z 29 tekmovalci.<a href=\"http:\/\/wako.si\/evropsko-prvenstvo-za-kadete-in-mladince-v-budvi\/\">Preberi ve\u010d<\/a><!-- \/.sc_action_item_inner --><\/p>\n<h6>23.10.2021<\/h6>\n<h3>V ITALIJI osvojili 4 zlate, 4 srebrne in 7 bronastih medalj!<\/h3>\n<p>v Italiji je od sobote, 16.10. do sobote, 23.10.2021 potekalo Svetovno prvenstvo za \u010dlanice in \u010dlane v kickboxingu.<a href=\"http:\/\/wako.si\/svetovno-prvenstvo-v-italiji-jesolo-lido\/\" target=\"_blank\" rel=\"noopener\">Preberi ve\u010d<\/a><!-- \/.sc_action_item_inner --><\/p>\n<h6>20.10.2021<\/h6>\n<h3>VLADIMIR SITAR v Italiji priDOBIL NOVO FUNKCIJO!<\/h3>\n<p>Predsednik kickboxing zveze Slovenije Vladimir Sitar je postal \u0161e podpredsednik WAKO Mediteranske kickboxing Zveze! \u010cestitamo!<a href=\"http:\/\/wako.si\/vladimir-sitar-v-italiji-pridobil-novo-funkcijo\/\" target=\"_blank\" rel=\"noopener\">preberi ve\u010d<\/a><!-- \/.sc_action_item_inner --><!-- \/.sc_action --><\/p>\n<style type=\"text\/css\">.trx_addons_inline_699421739{color:#8F9097 !important}<\/style>\n<h6>16.10.2021<\/h6>\n<h3>Svetovni prvenstvo v italiji &#8211; jesolo lido<\/h3>\n<p>v Italiji bo od sobote, 16.10. do sobote, 23.10.2021 potekalo Svetovno prvenstvo za \u010dlanice in \u010dlane v kickboxingu.<a href=\"http:\/\/wako.si\/svetovno-prvenstvo-v-italiji-jesolo-lido\/\" target=\"_blank\" rel=\"noopener\">Preberi ve\u010d<\/a><!-- \/.sc_action_item_inner --><\/p>\n<h6>4.10.2021<\/h6>\n<h3>Prijava na trenerski seminar 1. stopnje<\/h3>\n<p>Kickboxing zveza Slovenije razpisuje posebni del usposabljanja: \u0160portno treniranje &#8211; KICKBOXING &#8211; WAKO &#8211; 1. stopnja<a href=\"http:\/\/wako.si\/prijava-na-trenerski-seminar-1-stopnje\/\" target=\"_blank\" rel=\"noopener\">preberi ve\u010d<\/a><!-- \/.sc_action_item_inner --><\/p>\n<h6>26.9.2021<\/h6>\n<h3>Priprave reprezentance v Olimju<\/h3>\n<p>Na pripravah v Olimju potekajo priprave reprezentance Slovenije v kickboxingu, na katerem sodeluje okrog 80 tekmovalcev.<a href=\"http:\/\/wako.si\/priprave-reprezentance-v-olimju\/\" target=\"_blank\" rel=\"noopener\">PREBERI VE\u010c<\/a><!-- \/.sc_action_item_inner --><!-- \/.sc_action -->\t\t<\/p>\n<h6>19.6.2021<\/h6>\n<h3>TOMA\u017d BARADA POSTAL \u010cLAN WAKO EVROPA<\/h3>\n<p>Na volilni Skup\u0161\u010dini WAKO Evropske kickboxing organizacije je bil v predsedstvo izbran Toma\u017e Barada. \u010cestitamo!<a href=\"http:\/\/wako.si\/tomaz-barada-postal-clan-wako-evropa\/\" target=\"_blank\" rel=\"noopener\">preberi ve\u010d<\/a><!-- \/.sc_action_item_inner --><\/p>\n<h6>18.9.2021<\/h6>\n<h3>OBVEZNE Priprave Reprezentance<\/h3>\n<p>Sklicujemo obvezne priprave za vse kandidate kadetske, mladinske ter \u010dlanske reprezentance, v vseh disciplinah.<a href=\"http:\/\/wako.si\/obvezne-reprezentancne-priprave\/\" target=\"_blank\" rel=\"noopener\">PREBERI VE\u010c<\/a><!-- \/.sc_action_item_inner --><!-- \/.sc_action -->\t\t<\/p>\n<h6>16.9.2021<\/h6>\n<h3>Svetovni pokal v budimpe\u0161ti<\/h3>\n<p>Od \u010detrtka, 16.9. do nedelje, 19.9. poteka v Budimpe\u0161ti tekma za Svetovni pokal v kickboxingu.  Iz Slovenije potuje okrog 70 tekmovalcev!<a href=\"http:\/\/wako.si\/svetovni-pokal-v-budimpesti\/\" target=\"_blank\" rel=\"noopener\">Preberi ve\u010d<\/a><!-- \/.sc_action_item_inner --><\/p>\n<h6>6.6.2021<\/h6>\n<h3>BALKANSKO PRVENSTVO V SKOPJU<\/h3>\n<p>Reprezentanca Slovenije je na Balkanskem prvenstvu osvojila kar 6 zlatih medalj, 1 srebro in 4 bronaste medalje!<a href=\"http:\/\/wako.si\/balkansko-prvenstvo-v-skopju\/\" target=\"_blank\" rel=\"noopener\">preberi ve\u010d<\/a><!-- \/.sc_action_item_inner --><\/p>\n<h6>5.9.2021<\/h6>\n<h3>BALKANSKO PRVENSTVO &#8211; GALERIJA<\/h3>\n<p>Na Balkanskem prvenstvu v K1, Low Kicku in Kick Lightu, ki poteka v Skopju, tekmuje 13 tekmovalcev iz Slovenije.<a href=\"http:\/\/wako.si\/galerija-balkansko-prvenstvo-v-skopju\/\" target=\"_blank\" rel=\"noopener\">PREBERI VE\u010c<\/a><!-- \/.sc_action_item_inner --><!-- \/.sc_action -->\t\t<\/p>\n<h6>1.9.2021<\/h6>\n<h3>EVROPSKE IGRE 2023<\/h3>\n<p>Za Evropske Igre 2023 potrjenih 20 \u0161portov, med njimi tudi kickboxing!<a href=\"http:\/\/wako.si\/evropske-igre-2023\/\" target=\"_blank\" rel=\"noopener\">Preberi ve\u010d<\/a><!-- \/.sc_action_item_inner --><\/p>\n<h6>31.7.2021<\/h6>\n<h3>KAMP IZOLA &#8211; GALERIJA<\/h3>\n<p>Na kampu Izola so treningi potekali v odli\u010dnem vzdu\u0161ju. Sodelovali je 130 \u010dlanov in \u010dlanov iz Slovenije in tudi sosednje Hrva\u0161ke.<a href=\"http:\/\/wako.si\/galerija-kamp-izola-2021\/\" target=\"_blank\" rel=\"noopener\">preberi ve\u010d<\/a><!-- \/.sc_action_item_inner --><\/p>\n<h6>25.7.2021<\/h6>\n<h3>Urnik Treningov-Kamp Izola 2021<\/h3>\n<p>Objavljamo urnik treningov, ki bodo potekali v Izoli od torka, 27.7. do sobote, 31.7.2021<a href=\"http:\/\/wako.si\/urnik-treningov-kamp-izola\/\" target=\"_blank\" rel=\"noopener\">PREBERI VE\u010c<\/a><!-- \/.sc_action_item_inner --><!-- \/.sc_action -->\t\t<\/p>\n<h6>Posebno Obvestilo<\/h6>\n<h3>ZGODOVINSKI DAN ZA KICKBOXING<\/h3>\n<p>Izvr\u0161ni odbor MOK je WAKO v celoti podprl in bo na seji MOK v Tokiu obravnaval predlog, da kickboxing postane polno priznan olimpijski \u0161port.<a href=\"http:\/\/wako.si\/zgodovinski-dan-za-kickboxing\/\" target=\"_blank\" rel=\"noopener\">Preberi ve\u010d<\/a><!-- \/.sc_action_item_inner --><\/p>\n<h6>10.7.2021<\/h6>\n<h3>KAMP IZOLA 2021<\/h3>\n<p>Kamp bo potekal od 27. do 31. julija 2021. Zadnji rok prijave je 18.7.2021, do 24.00 ure.<a href=\"http:\/\/wako.si\/vabilo-na-9-kbzs-izola-kamp\/\" target=\"_blank\" rel=\"noopener\">preberi ve\u010d<\/a><!-- \/.sc_action_item_inner --><\/p>\n<h6>3.7.2021<\/h6>\n<h3>DR\u017dAVNO PRVENSTVO V TREBNJEM<\/h3>\n<p>V soboto, 3.7.2021, je v Trebnjem potekalo Dr\u017eavno prvenstvo v ring disciplinah in kick lightu. <a href=\"http:\/\/wako.si\/drzavno-prvenstvo-v-trebnjah\/\" target=\"_blank\" rel=\"noopener\">PREBERI VE\u010c<\/a><!-- \/.sc_action_item_inner --><!-- \/.sc_action -->\t\t<\/p>\n<h6>27.6.2021<\/h6>\n<h3>Priprave reprezentance v pod\u010detrtku<\/h3>\n<p>V Olimju so potekale priprave kandidatov Slovenske reprezentance v Kickboxingu.<a href=\"http:\/\/wako.si\/priprave-slovenske-reprezentave-v-podcetrtku\/\" target=\"_blank\" rel=\"noopener\">Preberi ve\u010d<\/a><!-- \/.sc_action_item_inner --><\/p>\n<h6>19.6.2021<\/h6>\n<h3>DR\u017dAVNO PRVENSTVO NA PTUJU<\/h3>\n<p>V soboto, 19. 6. 2021, je v \u0161portni dvorani Center na Ptuju potekalo dr\u017eavno prvenstvo v disciplinah Point Fighting in Light Contact.<a href=\"http:\/\/wako.si\/drzavno-prvenstvo-na-ptuju\/\" target=\"_blank\" rel=\"noopener\">preberi ve\u010d<\/a><!-- \/.sc_action_item_inner --><\/p>\n<h6>5.6.2021<\/h6>\n<h3>Sodni\u0161ki Seminar za leto 2021<\/h3>\n<p>5.6.2021 je v Zagorju ob Savi potekal sodni\u0161ki seminar, katerega se je udele\u017eilo 23 sodnikov, 2 trenerja in 2 tekmovalca.<a href=\"http:\/\/wako.si\/sodniski-seminar-za-leto-2021\/\" target=\"_blank\" rel=\"noopener\">PREBERI VE\u010c<\/a><!-- \/.sc_action_item_inner --><!-- \/.sc_action --><br \/>\n\t\t\t<a href=\"http:\/\/wako.si\/\" role=\"button\"><br \/>\n\t\t\t\t\t\tNazaj<br \/>\n\t\t\t\t\t<\/a><br \/>\n\t\t\t\t\t\t\t\t\t\t\t\t\t<a href=\"http:\/\/www.fundacijazasport.org\/si\/\"><br \/>\n\t\t\t\t\t\t\t<img decoding=\"async\" width=\"300\" height=\"127\" src=\"http:\/\/wako.si\/test\/wp-content\/uploads\/2021\/01\/FZS-logo-300x127.png\" alt=\"\" loading=\"lazy\" srcset=\"http:\/\/wako.si\/test\/wp-content\/uploads\/2021\/01\/FZS-logo-300x127.png 300w, http:\/\/wako.si\/test\/wp-content\/uploads\/2021\/01\/FZS-logo-585x250.png 585w, http:\/\/wako.si\/test\/wp-content\/uploads\/2021\/01\/FZS-logo-370x157.png 370w, http:\/\/wako.si\/test\/wp-content\/uploads\/2021\/01\/FZS-logo.png 591w\" sizes=\"(max-width: 300px) 100vw, 300px\" \/>\t\t\t\t\t\t\t\t<\/a><br \/>\n\t\t\t\t\t\t\t\t\t\t\t\t\t<a href=\"https:\/\/www.gov.si\/drzavni-organi\/ministrstva\/ministrstvo-za-izobrazevanje-znanost-in-sport\/\"><br \/>\n\t\t\t\t\t\t\t<img decoding=\"async\" width=\"768\" height=\"257\" src=\"http:\/\/wako.si\/test\/wp-content\/uploads\/2021\/01\/MIZS-logo-768x257.png\" alt=\"\" loading=\"lazy\" srcset=\"http:\/\/wako.si\/test\/wp-content\/uploads\/2021\/01\/MIZS-logo-768x257.png 768w, http:\/\/wako.si\/test\/wp-content\/uploads\/2021\/01\/MIZS-logo-300x100.png 300w, http:\/\/wako.si\/test\/wp-content\/uploads\/2021\/01\/MIZS-logo-370x124.png 370w, http:\/\/wako.si\/test\/wp-content\/uploads\/2021\/01\/MIZS-logo-765x255.png 765w, http:\/\/wako.si\/test\/wp-content\/uploads\/2021\/01\/MIZS-logo.png 1024w\" sizes=\"(max-width: 768px) 100vw, 768px\" \/>\t\t\t\t\t\t\t\t<\/a><br \/>\n\t\t\t\t\t<a href=\"https:\/\/www.facebook.com\/wako.si\" target=\"_blank\" rel=\"noopener\"><br \/>\n\t\t\t\t\t\tFacebook<br \/>\n\t\t\t\t\t\t\t\t\t\t\t<\/a><br \/>\n\t\t\t\t\t<a href=\"https:\/\/twitter.com\/slokbzs\" target=\"_blank\" rel=\"noopener\"><br \/>\n\t\t\t\t\t\tTwitter<br \/>\n\t\t\t\t\t\t\t\t\t\t\t<\/a><\/p>\n","protected":false},"excerpt":{"rendered":"<p>ARHIV 2021 14.11.2021 Evropsko Prvenstvo za katede in mladince v budvi! Na prvenstvu, kjer sodeluje pribli\u017eno 1500 tekmovalcev iz 39 dr\u017eav, sodeluje reprezentanca Slovenije z 29 tekmovalci.Preberi ve\u010d 23.10.2021 V ITALIJI osvojili 4 zlate, 4 srebrne in 7 bronastih medalj! v Italiji je od sobote,&hellip;<\/p>\n","protected":false},"author":1,"featured_media":0,"parent":0,"menu_order":0,"comment_status":"closed","ping_status":"closed","template":"elementor_canvas","meta":[],"_links":{"self":[{"href":"https:\/\/wako.si\/test\/wp-json\/wp\/v2\/pages\/6104"}],"collection":[{"href":"https:\/\/wako.si\/test\/wp-json\/wp\/v2\/pages"}],"about":[{"href":"https:\/\/wako.si\/test\/wp-json\/wp\/v2\/types\/page"}],"author":[{"embeddable":true,"href":"https:\/\/wako.si\/test\/wp-json\/wp\/v2\/users\/1"}],"replies":[{"embeddable":true,"href":"https:\/\/wako.si\/test\/wp-json\/wp\/v2\/comments?post=6104"}],"version-history":[{"count":21,"href":"https:\/\/wako.si\/test\/wp-json\/wp\/v2\/pages\/6104\/revisions"}],"predecessor-version":[{"id":7802,"href":"https:\/\/wako.si\/test\/wp-json\/wp\/v2\/pages\/6104\/revisions\/7802"}],"wp:attachment":[{"href":"https:\/\/wako.si\/test\/wp-json\/wp\/v2\/media?parent=6104"}],"curies":[{"name":"wp","href":"https:\/\/api.w.org\/{rel}","templated":true}]}}