{"id":6622,"date":"2022-02-26T17:37:22","date_gmt":"2022-02-26T17:37:22","guid":{"rendered":"http:\/\/wako.si\/test\/?page_id=6622"},"modified":"2022-11-25T07:58:47","modified_gmt":"2022-11-25T07:58:47","slug":"arhiv-2022","status":"publish","type":"page","link":"https:\/\/wako.si\/test\/arhiv-2022\/","title":{"rendered":"Arhiv 2022"},"content":{"rendered":"<h2>ARHIV 2022<\/h2>\n<h6>15.11.2022<\/h6>\n<h3>PROGRAM: \u0160PORTNO TRENIRANJE \u2014 KICKBOKS &#8211; WAKO &#8211; 1. STOPNJA<\/h3>\n<p>Kickboxing zveza Slovenije razpisuje posebni del usposabljanja<a href=\"http:\/\/wako.si\/program-sportno-treniranje-kickboks-wako-1-stopnja\/\" target=\"_blank\" rel=\"noopener\">preberi ve\u010d<\/a><!-- \/.sc_action_item_inner --><\/p>\n<h6>18.10.2022<\/h6>\n<h3>PRIPRAVE REPREZENTANCE V OLIMJU<\/h3>\n<p>V Olimju so potekale priprave \u010dlanske reprezentance Slovenije, ki bo nastopala na Evropskem prvenstvu od 12. \u2013 19. novembra v Antalyi v Tur\u010diji.<a href=\"http:\/\/wako.si\/priprave-reprezentance-v-olimju-2\/\" target=\"_blank\" rel=\"noopener\">Oglej si galerijo<\/a><!-- \/.sc_action_item_inner --><!-- \/.sc_action --><\/p>\n<style type=\"text\/css\">.trx_addons_inline_498561652{color:#8F9097 !important}<\/style>\n<h6>2.10.2022<\/h6>\n<h3>SVETOVNO PRVENSTVO V JESOLO LIDU &#8211; GALERIJA<\/h3>\n<p>Oglejte si galerijo Svetovnega prvenstva v Jesolo Lidu! <a href=\"http:\/\/wako.si\/svetovno-prvenstvo-v-jesolo-lidu-galerija\" target=\"_blank\" rel=\"noopener\">Preberi ve\u010d<\/a><!-- \/.sc_action_item_inner --><\/p>\n<h6>1.10.2022<\/h6>\n<h3>SVETOVNO PRVENSTVO V JESOLO LIDU<\/h3>\n<p>Od 1. 10. do 8. 10. 2022, v Jesolo Lidu poteka Svetovno prvenstvo za kadete in mladince. Reprezentanca Slovenije na prvenstvu sodeluje z 28 tekmovalci.<a href=\"http:\/\/wako.si\/svetovno-prvenstvo-v-jesolo-lidu\" target=\"_blank\" rel=\"noopener\">Preberi ve\u010d<\/a><!-- \/.sc_action_item_inner --><\/p>\n<h6>25.9.2022<\/h6>\n<h3>OTRO\u0160KA LIGA V POINTFIGHTINGU<\/h3>\n<p>V soboto, 24. 9. 2022, je v Osnovni \u0161oli Ivana Kav\u010di\u010da potekala Otro\u0161ka liga v pointfightingu.<a href=\"http:\/\/wako.si\/otroska-liga-v-pointfightingu\/\" target=\"_blank\" rel=\"noopener\">preberi ve\u010d<\/a><!-- \/.sc_action_item_inner --><!-- \/.sc_action -->\t\t<\/p>\n<h6>23.8.2022<\/h6>\n<h3>REPREZENTAN\u010cNE PRIPRAVE 2022<\/h3>\n<p>Priprave \u010dlanov in kandidatov za kadetsko in mladinsko reprezentanco bodo potekale v Izoli od 24. do 26. 8. 2022.<a href=\"http:\/\/wako.si\/reprezentancne-priprave-2022\" target=\"_blank\" rel=\"noopener\">preberi ve\u010d<\/a><!-- \/.sc_action_item_inner --><\/p>\n<h6>1.8.2022<\/h6>\n<h3>KAMP IZOLA &#8211; GALERIJA<\/h3>\n<p>Kamp Izola je potekal od 26. do 30. julija 2022, oglejte si galerijo vseh dni.<a href=\"http:\/\/wako.si\/kamp-izola-2022-galerija\/\" target=\"_blank\" rel=\"noopener\">Oglej si galerijo<\/a><!-- \/.sc_action_item_inner --><!-- \/.sc_action -->\t\t<\/p>\n<h6>1.7.2022<\/h6>\n<h3>KAMP IZOLA 2022<\/h3>\n<p>Vse \u010dlane KBZS in ostale simpatizerje kickboxinga vabimo na 10. KICKBOXING KAMP IZOLA. Kamp bo potekal od 26. do 30. julija 2022. Zadnji rok za prijavo je petek, 15.7.2022, do 15.00 ure.<a href=\"http:\/\/wako.si\/kamp-izola-2022\/\" target=\"_blank\" rel=\"noopener\">Preberi ve\u010d<\/a><!-- \/.sc_action_item_inner --><\/p>\n<h6>20.6.2022<\/h6>\n<h3>BALKANSKO PRVENSTVO 2022<\/h3>\n<p>V Kraljevu v Srbiji se ta vikend odvija Balkansko prvenstvo v disciplinah K1, LOW KICK in KICK LIGHT. Na prvenstvu sodeluje okrog 200 tekmovalcev iz 7 dr\u017eav.<a href=\"http:\/\/wako.si\/balkansko-prvenstvo-2022\/\" target=\"_blank\" rel=\"noopener\">Preberi ve\u010d<\/a><!-- \/.sc_action_item_inner --><\/p>\n<h6>11.6.2022<\/h6>\n<h3>OTRO\u0160KA LIGA V NOVI GORICI<\/h3>\n<p>V soboto, 11. 6. 2022, je v Novi Gorici\u00a0 potekala druga Otro\u0161ka liga v kickboxingu. Sodelovalo je 53 tekmovalcev iz 3 klubov &#8211; Kopra, Ptuja in Nove Gorice.<a href=\"http:\/\/wako.si\/otroska-liga-v-novi-gorici%EF%BF%BC\/\" target=\"_blank\" rel=\"noopener\">preberi ve\u010d<\/a><!-- \/.sc_action_item_inner --><!-- \/.sc_action -->\t\t<\/p>\n<h6>5.6.2022<\/h6>\n<h3>SVETOVNI POKAL V BUDIMPE\u0160TI<\/h3>\n<p>Od petka, 3. 6. 2022, do nedelje, 5. 6. 2022, poteka v Budimpe\u0161ti Svetovni pokal v kickboxingu, kjer tekmuje 3143 tekmovalcev iz 263 klubov iz vsega sveta.<a href=\"http:\/\/wako.si\/svetovni-pokal-v-budimpesti-2022\/\" target=\"_blank\" rel=\"noopener\">preberi ve\u010d<\/a><!-- \/.sc_action_item_inner --><\/p>\n<h6>21.5.2022<\/h6>\n<h3>OTRO\u0160KA LIGA V KOPRU<\/h3>\n<p>V Kopru je v soboto, 21.5. 2022, potekala Otro\u0161ka liga, na katerem je sodelovalo 53 tekmovalcev iz 5 slovenskih klubov: Izlake, Nova Gorica, Ptuj, Izola in Koper.<a href=\"http:\/\/wako.si\/otroska-liga-koper\/\" target=\"_blank\" rel=\"noopener\">Preberi ve\u010d<\/a><!-- \/.sc_action_item_inner --><!-- \/.sc_action -->\t\t<\/p>\n<h6>9.5.2022<\/h6>\n<h3>DR\u017dAVNO PRVENSTVO V TREBNJU<\/h3>\n<p>V soboto, 9.4.2022, je potekalo dr\u017eavno prvenstvo v light kontaktu, kick lightu in ring disciplinah. Sodelovalo je kar 244 tekmovalcev iz 23 klubov.<a href=\"http:\/\/wako.si\/drzavno-prvenstvo-v-trebnju\/\" target=\"_blank\" rel=\"noopener\">Preberi ve\u010d<\/a><!-- \/.sc_action_item_inner --><\/p>\n<h6>2.5.2022<\/h6>\n<h3>DR\u017dAVNO PRVENSTVO NA PTUJU<\/h3>\n<p>V soboto, 2.4.2022, se je na Ptuju odvilo dr\u017eavno prvenstvo v point-fightingu. Sodelovalo je 142 tekmovalcev iz 12 slovenskih klubov.<a href=\"http:\/\/wako.si\/drzavno-prvenstvo-na-ptuju-2\/\" target=\"_blank\" rel=\"noopener\">Preberi ve\u010d<\/a><!-- \/.sc_action_item_inner --><\/p>\n<h6>27.2.2022<\/h6>\n<h3>LICEN\u010cNI SODNI\u0160KI SEMINAR 2022<\/h3>\n<p>v nedeljo, 13. marca, je v prostorih Kluba PonDoKwan Zagorje ob Savi potekal licen\u010dni sodni\u0161ki seminar, namenjen za sodnike in sodnike za\u010detnike.<a href=\"http:\/\/wako.si\/sodniski-seminar-za-leto-2022\/\" target=\"_blank\" rel=\"noopener\">preberi ve\u010d<\/a><!-- \/.sc_action_item_inner --><!-- \/.sc_action -->\t\t<\/p>\n<h6>25.2.2022<\/h6>\n<h3>SPLETNI TRENERSKI SEMINAR 2022<\/h3>\n<p>V \u010detrtek, 3. marca 2022, bo potekal spletni strokovni seminar, namenjen izklju\u010dno vaditeljem in trenerjem registriranim v KBZS, ki podalj\u0161ujejo trenerske licence za leto 2022.<a href=\"http:\/\/wako.si\/spletni-trenerski-seminar-2022\/\" target=\"_blank\" rel=\"noopener\">preberi ve\u010d<\/a><!-- \/.sc_action_item_inner --><\/p>\n<h6>1.1.2022<\/h6>\n<h3>Kickboxing na olimpijskih igrah<\/h3>\n<p> WAKO kickboxing bo sodeloval na Evropskih Olimpijskih igrah leta 2023!<a href=\"http:\/\/wako.si\/wako-kickboxing-na-evropskih-olimpijskih-igrah-2023\/\" target=\"_blank\" rel=\"noopener\">Preberi ve\u010d<\/a><!-- \/.sc_action_item_inner --><!-- \/.sc_action --><br \/>\n\t\t\t<a href=\"http:\/\/wako.si\/\" role=\"button\"><br \/>\n\t\t\t\t\t\tNazaj<br \/>\n\t\t\t\t\t<\/a><br \/>\n\t\t\t\t\t\t\t\t\t\t\t\t\t<a href=\"http:\/\/www.fundacijazasport.org\/si\/\"><br \/>\n\t\t\t\t\t\t\t<img decoding=\"async\" width=\"300\" height=\"127\" src=\"http:\/\/wako.si\/test\/wp-content\/uploads\/2021\/01\/FZS-logo-300x127.png\" alt=\"\" loading=\"lazy\" srcset=\"http:\/\/wako.si\/test\/wp-content\/uploads\/2021\/01\/FZS-logo-300x127.png 300w, http:\/\/wako.si\/test\/wp-content\/uploads\/2021\/01\/FZS-logo-585x250.png 585w, http:\/\/wako.si\/test\/wp-content\/uploads\/2021\/01\/FZS-logo-370x157.png 370w, http:\/\/wako.si\/test\/wp-content\/uploads\/2021\/01\/FZS-logo.png 591w\" sizes=\"(max-width: 300px) 100vw, 300px\" \/>\t\t\t\t\t\t\t\t<\/a><br \/>\n\t\t\t\t\t\t\t\t\t\t\t\t\t<a href=\"https:\/\/www.gov.si\/drzavni-organi\/ministrstva\/ministrstvo-za-izobrazevanje-znanost-in-sport\/\"><br \/>\n\t\t\t\t\t\t\t<img decoding=\"async\" width=\"768\" height=\"257\" src=\"http:\/\/wako.si\/test\/wp-content\/uploads\/2021\/01\/MIZS-logo-768x257.png\" alt=\"\" loading=\"lazy\" srcset=\"http:\/\/wako.si\/test\/wp-content\/uploads\/2021\/01\/MIZS-logo-768x257.png 768w, http:\/\/wako.si\/test\/wp-content\/uploads\/2021\/01\/MIZS-logo-300x100.png 300w, http:\/\/wako.si\/test\/wp-content\/uploads\/2021\/01\/MIZS-logo-370x124.png 370w, http:\/\/wako.si\/test\/wp-content\/uploads\/2021\/01\/MIZS-logo-765x255.png 765w, http:\/\/wako.si\/test\/wp-content\/uploads\/2021\/01\/MIZS-logo.png 1024w\" sizes=\"(max-width: 768px) 100vw, 768px\" \/>\t\t\t\t\t\t\t\t<\/a><br \/>\n\t\t\t\t\t<a href=\"https:\/\/www.facebook.com\/wako.si\" target=\"_blank\" rel=\"noopener\"><br \/>\n\t\t\t\t\t\tFacebook<br \/>\n\t\t\t\t\t\t\t\t\t\t\t<\/a><br \/>\n\t\t\t\t\t<a href=\"https:\/\/twitter.com\/slokbzs\" target=\"_blank\" rel=\"noopener\"><br \/>\n\t\t\t\t\t\tTwitter<br \/>\n\t\t\t\t\t\t\t\t\t\t\t<\/a><\/p>\n","protected":false},"excerpt":{"rendered":"<p>ARHIV 2022 15.11.2022 PROGRAM: \u0160PORTNO TRENIRANJE \u2014 KICKBOKS &#8211; WAKO &#8211; 1. STOPNJA Kickboxing zveza Slovenije razpisuje posebni del usposabljanjapreberi ve\u010d 18.10.2022 PRIPRAVE REPREZENTANCE V OLIMJU V Olimju so potekale priprave \u010dlanske reprezentance Slovenije, ki bo nastopala na Evropskem prvenstvu od 12. \u2013 19. novembra&hellip;<\/p>\n","protected":false},"author":1,"featured_media":0,"parent":0,"menu_order":0,"comment_status":"closed","ping_status":"closed","template":"elementor_canvas","meta":[],"_links":{"self":[{"href":"https:\/\/wako.si\/test\/wp-json\/wp\/v2\/pages\/6622"}],"collection":[{"href":"https:\/\/wako.si\/test\/wp-json\/wp\/v2\/pages"}],"about":[{"href":"https:\/\/wako.si\/test\/wp-json\/wp\/v2\/types\/page"}],"author":[{"embeddable":true,"href":"https:\/\/wako.si\/test\/wp-json\/wp\/v2\/users\/1"}],"replies":[{"embeddable":true,"href":"https:\/\/wako.si\/test\/wp-json\/wp\/v2\/comments?post=6622"}],"version-history":[{"count":23,"href":"https:\/\/wako.si\/test\/wp-json\/wp\/v2\/pages\/6622\/revisions"}],"predecessor-version":[{"id":7823,"href":"https:\/\/wako.si\/test\/wp-json\/wp\/v2\/pages\/6622\/revisions\/7823"}],"wp:attachment":[{"href":"https:\/\/wako.si\/test\/wp-json\/wp\/v2\/media?parent=6622"}],"curies":[{"name":"wp","href":"https:\/\/api.w.org\/{rel}","templated":true}]}}